{"id":1897,"date":"2020-11-04T10:35:55","date_gmt":"2020-11-04T09:35:55","guid":{"rendered":"https:\/\/brodinbzh-boutique.fr\/?post_type=product&#038;p=1897"},"modified":"2024-07-05T07:45:47","modified_gmt":"2024-07-05T05:45:47","slug":"protege-carnet-de-sante-rose-pale","status":"publish","type":"product","link":"https:\/\/brodinbzh-boutique.fr\/index.php\/produit\/protege-carnet-de-sante-rose-pale\/","title":{"rendered":"Prot\u00e8ge carnet de sant\u00e9 rose pale"},"content":{"rendered":"<h2 style=\"text-align: left;\">Une id\u00e9e de cadeau originale qui dure dans le temps et accompagne vos enfants.<\/h2>\n<p style=\"text-align: left;\">R\u00e9alisation 100% fait main en Bretagne par BROD IN BZH :<strong> SIMILI CUIR\u00a0<\/strong> pour l\u2019ext\u00e9rieur et du tissus color\u00e9 pour l\u2019int\u00e9rieure en fonction des arrivages mais toujours neutre et coordonn\u00e9e selon le motif.<\/p>\n<p style=\"text-align: left;\">Votre motif sera brod\u00e9 avec soin (chaque motif est une r\u00e9alisation unique), vous pouvez ajouter un texte, la date de naissance mais aussi le poids ou\/et la taille de naissance.<\/p>\n<p style=\"text-align: left;\">\u00a0Faites vous un cadeau unique de qualit\u00e9 ou offrez une id\u00e9e originale qui plaira \u00e0 coup sure.<\/p>\n<h3 class=\"lireplus pt1 font-arial\">ATTENTION<\/h3>\n<p><strong>!! IMPORTANT : toutes les images ne sont pas r\u00e9alisable en broderie<\/strong><\/p>\n<p class=\"lireplus pt1 font-arial\">&#8211; Une maquette du dessin avant broderie sera syst\u00e9matiquement envoy\u00e9\u00a0 par mail pour <strong><span style=\"text-decoration: underline;\">valider la commande<\/span><\/strong> donc veuillez v\u00e9rifier vos coordonn\u00e9es, la <span style=\"text-decoration: underline;\">validation de votre commande ne se fera qu&rsquo;<strong>apr\u00e8s retour de votre accord<\/strong> sur la broderie!<\/span><\/p>\n<p class=\"lireplus pt1 font-arial\">&#8211; Les photos de personnes ou d&rsquo;animaux ne peuvent pas \u00eatre reproduite en broderie<\/p>\n<p class=\"lireplus pt1 font-arial\">&#8211; Les dessins crayonn\u00e9 \u00e0 la main sont aussi tr\u00e8s difficile \u00e0 reproduire !<\/p>\n<p class=\"lireplus pt1 font-arial\">&#8211; Je me r\u00e9serve le droit d&rsquo;annuler la commande si le motif n&rsquo;est pas r\u00e9alisable mais vous aurez toujours un mail d&rsquo;explication dans le cas de figure.<\/p>\n","protected":false},"excerpt":{"rendered":"<p>Une id\u00e9e de cadeau originale qui dure dans le temps et accompagne vos enfants. R\u00e9alisation 100% fait main en Bretagne par BROD IN BZH : SIMILI CUIR\u00a0 pour l\u2019ext\u00e9rieur et du tissus color\u00e9 pour l\u2019int\u00e9rieure en fonction des arrivages mais toujours neutre et coordonn\u00e9e selon le motif. Votre motif sera brod\u00e9 avec soin (chaque motif [&hellip;]<\/p>\n","protected":false},"featured_media":1898,"comment_status":"open","ping_status":"closed","template":"","meta":[],"product_brand":[],"product_cat":[59],"product_tag":[60,63,64,61,66,65,62],"class_list":{"0":"post-1897","1":"product","2":"type-product","3":"status-publish","4":"has-post-thumbnail","6":"product_cat-protege-carnet-de-sante","7":"product_tag-broderie","8":"product_tag-cadeau","9":"product_tag-carnet-de-sante","10":"product_tag-personnalise","11":"product_tag-plumeliau","12":"product_tag-protege","13":"product_tag-unique","15":"first","16":"instock","17":"purchasable","18":"product-type-simple"},"wcpa_form_fields":null,"yoast_head":"<!-- This site is optimized with the Yoast SEO plugin v25.8 - https:\/\/yoast.com\/wordpress\/plugins\/seo\/ -->\n<title>Prot\u00e8ge carnet de sant\u00e9 rose pale Prot\u00e8ge carnet de sant\u00e9 rose pale<\/title>\n<meta name=\"description\" content=\"Une id\u00e9e de cadeau originale qui dure dans le temps et accompagne vos enfants. Les carnet sont Totalement personnalisables\" \/>\n<meta name=\"robots\" content=\"index, follow, max-snippet:-1, max-image-preview:large, max-video-preview:-1\" \/>\n<link rel=\"canonical\" href=\"https:\/\/brodinbzh-boutique.fr\/index.php\/produit\/protege-carnet-de-sante-rose-pale\/\" \/>\n<meta property=\"og:locale\" content=\"fr_FR\" \/>\n<meta property=\"og:type\" content=\"article\" \/>\n<meta property=\"og:title\" content=\"Prot\u00e8ge carnet de sant\u00e9 rose pale Prot\u00e8ge carnet de sant\u00e9 rose pale\" \/>\n<meta property=\"og:description\" content=\"Une id\u00e9e de cadeau originale qui dure dans le temps et accompagne vos enfants. Les carnet sont Totalement personnalisables\" \/>\n<meta property=\"og:url\" content=\"https:\/\/brodinbzh-boutique.fr\/index.php\/produit\/protege-carnet-de-sante-rose-pale\/\" \/>\n<meta property=\"og:site_name\" content=\"Brod&#039;in BZH\" \/>\n<meta property=\"article:modified_time\" content=\"2024-07-05T05:45:47+00:00\" \/>\n<meta property=\"og:image\" content=\"https:\/\/brodinbzh-boutique.fr\/wp-content\/uploads\/2020\/11\/rose-pale-scaled.jpg\" \/>\n\t<meta property=\"og:image:width\" content=\"1841\" \/>\n\t<meta property=\"og:image:height\" content=\"2560\" \/>\n\t<meta property=\"og:image:type\" content=\"image\/jpeg\" \/>\n<meta name=\"twitter:card\" content=\"summary_large_image\" \/>\n<meta name=\"twitter:label1\" content=\"Dur\u00e9e de lecture estim\u00e9e\" \/>\n\t<meta name=\"twitter:data1\" content=\"1 minute\" \/>\n<script type=\"application\/ld+json\" class=\"yoast-schema-graph\">{\"@context\":\"https:\/\/schema.org\",\"@graph\":[{\"@type\":\"WebPage\",\"@id\":\"https:\/\/brodinbzh-boutique.fr\/index.php\/produit\/protege-carnet-de-sante-rose-pale\/\",\"url\":\"https:\/\/brodinbzh-boutique.fr\/index.php\/produit\/protege-carnet-de-sante-rose-pale\/\",\"name\":\"Prot\u00e8ge carnet de sant\u00e9 rose pale Prot\u00e8ge carnet de sant\u00e9 rose pale\",\"isPartOf\":{\"@id\":\"https:\/\/brodinbzh-boutique.fr\/#website\"},\"primaryImageOfPage\":{\"@id\":\"https:\/\/brodinbzh-boutique.fr\/index.php\/produit\/protege-carnet-de-sante-rose-pale\/#primaryimage\"},\"image\":{\"@id\":\"https:\/\/brodinbzh-boutique.fr\/index.php\/produit\/protege-carnet-de-sante-rose-pale\/#primaryimage\"},\"thumbnailUrl\":\"https:\/\/brodinbzh-boutique.fr\/wp-content\/uploads\/2020\/11\/rose-pale-scaled.jpg\",\"datePublished\":\"2020-11-04T09:35:55+00:00\",\"dateModified\":\"2024-07-05T05:45:47+00:00\",\"description\":\"Une id\u00e9e de cadeau originale qui dure dans le temps et accompagne vos enfants. Les carnet sont Totalement personnalisables\",\"breadcrumb\":{\"@id\":\"https:\/\/brodinbzh-boutique.fr\/index.php\/produit\/protege-carnet-de-sante-rose-pale\/#breadcrumb\"},\"inLanguage\":\"fr-FR\",\"potentialAction\":[{\"@type\":\"ReadAction\",\"target\":[\"https:\/\/brodinbzh-boutique.fr\/index.php\/produit\/protege-carnet-de-sante-rose-pale\/\"]}]},{\"@type\":\"ImageObject\",\"inLanguage\":\"fr-FR\",\"@id\":\"https:\/\/brodinbzh-boutique.fr\/index.php\/produit\/protege-carnet-de-sante-rose-pale\/#primaryimage\",\"url\":\"https:\/\/brodinbzh-boutique.fr\/wp-content\/uploads\/2020\/11\/rose-pale-scaled.jpg\",\"contentUrl\":\"https:\/\/brodinbzh-boutique.fr\/wp-content\/uploads\/2020\/11\/rose-pale-scaled.jpg\",\"width\":1841,\"height\":2560},{\"@type\":\"BreadcrumbList\",\"@id\":\"https:\/\/brodinbzh-boutique.fr\/index.php\/produit\/protege-carnet-de-sante-rose-pale\/#breadcrumb\",\"itemListElement\":[{\"@type\":\"ListItem\",\"position\":1,\"name\":\"Accueil\",\"item\":\"https:\/\/brodinbzh-boutique.fr\/\"},{\"@type\":\"ListItem\",\"position\":2,\"name\":\"Boutique\",\"item\":\"https:\/\/brodinbzh-boutique.fr\/index.php\/boutique\/\"},{\"@type\":\"ListItem\",\"position\":3,\"name\":\"Prot\u00e8ge carnet de sant\u00e9 rose pale\"}]},{\"@type\":\"WebSite\",\"@id\":\"https:\/\/brodinbzh-boutique.fr\/#website\",\"url\":\"https:\/\/brodinbzh-boutique.fr\/\",\"name\":\"Brod&#039;in BZH\",\"description\":\"La personnalisation \u00e0 la port\u00e9e de chacun\",\"publisher\":{\"@id\":\"https:\/\/brodinbzh-boutique.fr\/#organization\"},\"potentialAction\":[{\"@type\":\"SearchAction\",\"target\":{\"@type\":\"EntryPoint\",\"urlTemplate\":\"https:\/\/brodinbzh-boutique.fr\/?s={search_term_string}\"},\"query-input\":{\"@type\":\"PropertyValueSpecification\",\"valueRequired\":true,\"valueName\":\"search_term_string\"}}],\"inLanguage\":\"fr-FR\"},{\"@type\":\"Organization\",\"@id\":\"https:\/\/brodinbzh-boutique.fr\/#organization\",\"name\":\"Brod&#039;in BZH\",\"url\":\"https:\/\/brodinbzh-boutique.fr\/\",\"logo\":{\"@type\":\"ImageObject\",\"inLanguage\":\"fr-FR\",\"@id\":\"https:\/\/brodinbzh-boutique.fr\/#\/schema\/logo\/image\/\",\"url\":\"https:\/\/brodinbzh-boutique.fr\/wp-content\/uploads\/2020\/10\/cropped-bb-e1617185142758.png\",\"contentUrl\":\"https:\/\/brodinbzh-boutique.fr\/wp-content\/uploads\/2020\/10\/cropped-bb-e1617185142758.png\",\"width\":45,\"height\":45,\"caption\":\"Brod&#039;in BZH\"},\"image\":{\"@id\":\"https:\/\/brodinbzh-boutique.fr\/#\/schema\/logo\/image\/\"}}]}<\/script>\n<!-- \/ Yoast SEO plugin. -->","yoast_head_json":{"title":"Prot\u00e8ge carnet de sant\u00e9 rose pale Prot\u00e8ge carnet de sant\u00e9 rose pale","description":"Une id\u00e9e de cadeau originale qui dure dans le temps et accompagne vos enfants. Les carnet sont Totalement personnalisables","robots":{"index":"index","follow":"follow","max-snippet":"max-snippet:-1","max-image-preview":"max-image-preview:large","max-video-preview":"max-video-preview:-1"},"canonical":"https:\/\/brodinbzh-boutique.fr\/index.php\/produit\/protege-carnet-de-sante-rose-pale\/","og_locale":"fr_FR","og_type":"article","og_title":"Prot\u00e8ge carnet de sant\u00e9 rose pale Prot\u00e8ge carnet de sant\u00e9 rose pale","og_description":"Une id\u00e9e de cadeau originale qui dure dans le temps et accompagne vos enfants. Les carnet sont Totalement personnalisables","og_url":"https:\/\/brodinbzh-boutique.fr\/index.php\/produit\/protege-carnet-de-sante-rose-pale\/","og_site_name":"Brod&#039;in BZH","article_modified_time":"2024-07-05T05:45:47+00:00","og_image":[{"width":1841,"height":2560,"url":"https:\/\/brodinbzh-boutique.fr\/wp-content\/uploads\/2020\/11\/rose-pale-scaled.jpg","type":"image\/jpeg"}],"twitter_card":"summary_large_image","twitter_misc":{"Dur\u00e9e de lecture estim\u00e9e":"1 minute"},"schema":{"@context":"https:\/\/schema.org","@graph":[{"@type":"WebPage","@id":"https:\/\/brodinbzh-boutique.fr\/index.php\/produit\/protege-carnet-de-sante-rose-pale\/","url":"https:\/\/brodinbzh-boutique.fr\/index.php\/produit\/protege-carnet-de-sante-rose-pale\/","name":"Prot\u00e8ge carnet de sant\u00e9 rose pale Prot\u00e8ge carnet de sant\u00e9 rose pale","isPartOf":{"@id":"https:\/\/brodinbzh-boutique.fr\/#website"},"primaryImageOfPage":{"@id":"https:\/\/brodinbzh-boutique.fr\/index.php\/produit\/protege-carnet-de-sante-rose-pale\/#primaryimage"},"image":{"@id":"https:\/\/brodinbzh-boutique.fr\/index.php\/produit\/protege-carnet-de-sante-rose-pale\/#primaryimage"},"thumbnailUrl":"https:\/\/brodinbzh-boutique.fr\/wp-content\/uploads\/2020\/11\/rose-pale-scaled.jpg","datePublished":"2020-11-04T09:35:55+00:00","dateModified":"2024-07-05T05:45:47+00:00","description":"Une id\u00e9e de cadeau originale qui dure dans le temps et accompagne vos enfants. Les carnet sont Totalement personnalisables","breadcrumb":{"@id":"https:\/\/brodinbzh-boutique.fr\/index.php\/produit\/protege-carnet-de-sante-rose-pale\/#breadcrumb"},"inLanguage":"fr-FR","potentialAction":[{"@type":"ReadAction","target":["https:\/\/brodinbzh-boutique.fr\/index.php\/produit\/protege-carnet-de-sante-rose-pale\/"]}]},{"@type":"ImageObject","inLanguage":"fr-FR","@id":"https:\/\/brodinbzh-boutique.fr\/index.php\/produit\/protege-carnet-de-sante-rose-pale\/#primaryimage","url":"https:\/\/brodinbzh-boutique.fr\/wp-content\/uploads\/2020\/11\/rose-pale-scaled.jpg","contentUrl":"https:\/\/brodinbzh-boutique.fr\/wp-content\/uploads\/2020\/11\/rose-pale-scaled.jpg","width":1841,"height":2560},{"@type":"BreadcrumbList","@id":"https:\/\/brodinbzh-boutique.fr\/index.php\/produit\/protege-carnet-de-sante-rose-pale\/#breadcrumb","itemListElement":[{"@type":"ListItem","position":1,"name":"Accueil","item":"https:\/\/brodinbzh-boutique.fr\/"},{"@type":"ListItem","position":2,"name":"Boutique","item":"https:\/\/brodinbzh-boutique.fr\/index.php\/boutique\/"},{"@type":"ListItem","position":3,"name":"Prot\u00e8ge carnet de sant\u00e9 rose pale"}]},{"@type":"WebSite","@id":"https:\/\/brodinbzh-boutique.fr\/#website","url":"https:\/\/brodinbzh-boutique.fr\/","name":"Brod&#039;in BZH","description":"La personnalisation \u00e0 la port\u00e9e de chacun","publisher":{"@id":"https:\/\/brodinbzh-boutique.fr\/#organization"},"potentialAction":[{"@type":"SearchAction","target":{"@type":"EntryPoint","urlTemplate":"https:\/\/brodinbzh-boutique.fr\/?s={search_term_string}"},"query-input":{"@type":"PropertyValueSpecification","valueRequired":true,"valueName":"search_term_string"}}],"inLanguage":"fr-FR"},{"@type":"Organization","@id":"https:\/\/brodinbzh-boutique.fr\/#organization","name":"Brod&#039;in BZH","url":"https:\/\/brodinbzh-boutique.fr\/","logo":{"@type":"ImageObject","inLanguage":"fr-FR","@id":"https:\/\/brodinbzh-boutique.fr\/#\/schema\/logo\/image\/","url":"https:\/\/brodinbzh-boutique.fr\/wp-content\/uploads\/2020\/10\/cropped-bb-e1617185142758.png","contentUrl":"https:\/\/brodinbzh-boutique.fr\/wp-content\/uploads\/2020\/10\/cropped-bb-e1617185142758.png","width":45,"height":45,"caption":"Brod&#039;in BZH"},"image":{"@id":"https:\/\/brodinbzh-boutique.fr\/#\/schema\/logo\/image\/"}}]}},"jetpack_sharing_enabled":true,"_links":{"self":[{"href":"https:\/\/brodinbzh-boutique.fr\/index.php\/wp-json\/wp\/v2\/product\/1897","targetHints":{"allow":["GET"]}}],"collection":[{"href":"https:\/\/brodinbzh-boutique.fr\/index.php\/wp-json\/wp\/v2\/product"}],"about":[{"href":"https:\/\/brodinbzh-boutique.fr\/index.php\/wp-json\/wp\/v2\/types\/product"}],"replies":[{"embeddable":true,"href":"https:\/\/brodinbzh-boutique.fr\/index.php\/wp-json\/wp\/v2\/comments?post=1897"}],"version-history":[{"count":7,"href":"https:\/\/brodinbzh-boutique.fr\/index.php\/wp-json\/wp\/v2\/product\/1897\/revisions"}],"predecessor-version":[{"id":1931,"href":"https:\/\/brodinbzh-boutique.fr\/index.php\/wp-json\/wp\/v2\/product\/1897\/revisions\/1931"}],"wp:featuredmedia":[{"embeddable":true,"href":"https:\/\/brodinbzh-boutique.fr\/index.php\/wp-json\/wp\/v2\/media\/1898"}],"wp:attachment":[{"href":"https:\/\/brodinbzh-boutique.fr\/index.php\/wp-json\/wp\/v2\/media?parent=1897"}],"wp:term":[{"taxonomy":"product_brand","embeddable":true,"href":"https:\/\/brodinbzh-boutique.fr\/index.php\/wp-json\/wp\/v2\/product_brand?post=1897"},{"taxonomy":"product_cat","embeddable":true,"href":"https:\/\/brodinbzh-boutique.fr\/index.php\/wp-json\/wp\/v2\/product_cat?post=1897"},{"taxonomy":"product_tag","embeddable":true,"href":"https:\/\/brodinbzh-boutique.fr\/index.php\/wp-json\/wp\/v2\/product_tag?post=1897"}],"curies":[{"name":"wp","href":"https:\/\/api.w.org\/{rel}","templated":true}]}}