{"id":1911,"date":"2020-11-05T09:33:17","date_gmt":"2020-11-05T08:33:17","guid":{"rendered":"https:\/\/brodinbzh-boutique.fr\/?post_type=product&#038;p=1911"},"modified":"2024-04-30T11:34:57","modified_gmt":"2024-04-30T09:34:57","slug":"sortie-de-bain-bebe-towel-city-bleu","status":"publish","type":"product","link":"https:\/\/brodinbzh-boutique.fr\/index.php\/produit\/sortie-de-bain-bebe-towel-city-bleu\/","title":{"rendered":"Sortie de bain b\u00e9b\u00e9 TOWEL CITY"},"content":{"rendered":"<p>SORTIE DE BAIN B\u00c9B\u00c9<\/p>\n<p>100% coton. Passepoil contrast\u00e9 sur les bordures. Capuche personnalisable .<\/p>\n<p>Dimensions : 75 x 75 cm.<\/p>\n","protected":false},"excerpt":{"rendered":"<p>SORTIE DE BAIN B\u00c9B\u00c9 100% coton. Passepoil contrast\u00e9 sur les bordures. Capuche personnalisable . Dimensions : 75 x 75 cm.<\/p>\n","protected":false},"featured_media":1912,"comment_status":"open","ping_status":"closed","template":"","meta":[],"product_brand":[],"product_cat":[29,67],"product_tag":[69,60,63,68,71,61,66,70,62],"class_list":{"0":"post-1911","1":"product","2":"type-product","3":"status-publish","4":"has-post-thumbnail","6":"product_cat-pour-les-petits","7":"product_cat-sortie-du-bain","8":"product_tag-bain","9":"product_tag-broderie","10":"product_tag-cadeau","11":"product_tag-cape-de-bain","12":"product_tag-eponge","13":"product_tag-personnalise","14":"product_tag-plumeliau","15":"product_tag-serviette","16":"product_tag-unique","17":"wcpa_has_options","19":"first","20":"instock","21":"purchasable","22":"product-type-variable"},"wcpa_form_fields":{"rules":{"pric_overide_base_price":false,"pric_overide_base_price_if_gt_zero":false,"pric_overide_base_price_fully":false,"pric_cal_option_once":false,"pric_use_as_fee":false,"bind_quantity":false,"quantity_bind_formula":false},"fields":[{"type":"textarea","elementId":"wcpa-textarea-1714468478358","label":"Besoin d'un motif ?","description":"Besoin d'un motif ?","placeholder":"fait moi une description de ce que vous souhaitez motif. ex : une petite fleur, un c\u0153ur, une t\u00eate de panda ....","enablePrice":true,"pricingType":"fixed","price":"5","name":"textarea-1714468478358","cl_rule":"show","col":6,"relations":false,"form_id":2607,"form_rules":{"pric_cal_option_once":false,"exclude_from_discount":false,"pric_use_as_fee":false,"fee_label":"Fee","render_after_acb":false,"disp_hide_options_price":false}},{"type":"image-group","label":"VOTRE POLICE DE TEXTE","elementId":"wcpa-image-group-1714393847570","priceOptions":"different_for_all","pricingType":"fixed","disp_size_img":"250","enable_popup":"no","name":"image-group-1714393847570","disp_type":"square","img_selection_type":"shadow","other_text":"Other","cl_rule":"show","col":6,"values":[{"label":"N\u00b01","price":"","image":"https:\/\/brodinbzh-boutique.fr\/wp-content\/uploads\/2023\/06\/1.png","image_id":"2477","thumb":"https:\/\/brodinbzh-boutique.fr\/wp-content\/uploads\/2023\/06\/1-150x150.png"},{"label":"N\u00b02","price":"","image":"https:\/\/brodinbzh-boutique.fr\/wp-content\/uploads\/2023\/06\/2.png","image_id":"2476","thumb":"https:\/\/brodinbzh-boutique.fr\/wp-content\/uploads\/2023\/06\/2-150x150.png"},{"label":"N\u00b03","price":"","image":"https:\/\/brodinbzh-boutique.fr\/wp-content\/uploads\/2023\/06\/3.png","image_id":"2475","thumb":"https:\/\/brodinbzh-boutique.fr\/wp-content\/uploads\/2023\/06\/3-150x102.png"},{"label":"N\u00b04","price":"","image":"https:\/\/brodinbzh-boutique.fr\/wp-content\/uploads\/2023\/06\/4.png","image_id":"2474","thumb":"https:\/\/brodinbzh-boutique.fr\/wp-content\/uploads\/2023\/06\/4-150x117.png"},{"label":"N\u00b05","price":"","image":"https:\/\/brodinbzh-boutique.fr\/wp-content\/uploads\/2023\/06\/5.png","image_id":"2473","thumb":"https:\/\/brodinbzh-boutique.fr\/wp-content\/uploads\/2023\/06\/5-150x106.png"},{"label":"N\u00b06","price":"","image":"https:\/\/brodinbzh-boutique.fr\/wp-content\/uploads\/2023\/06\/6.png","image_id":"2472","thumb":"https:\/\/brodinbzh-boutique.fr\/wp-content\/uploads\/2023\/06\/6-150x96.png"},{"label":"N\u00b07","price":"","image":"https:\/\/brodinbzh-boutique.fr\/wp-content\/uploads\/2023\/06\/7.png","image_id":"2471","thumb":"https:\/\/brodinbzh-boutique.fr\/wp-content\/uploads\/2023\/06\/7-150x95.png"},{"label":"N\u00b08","price":"","image":"https:\/\/brodinbzh-boutique.fr\/wp-content\/uploads\/2023\/06\/8.png","image_id":"2470","thumb":"https:\/\/brodinbzh-boutique.fr\/wp-content\/uploads\/2023\/06\/8-150x127.png","selected":true},{"label":"N\u00b09","price":"","image":"https:\/\/brodinbzh-boutique.fr\/wp-content\/uploads\/2023\/06\/9.png","image_id":"2469","thumb":"https:\/\/brodinbzh-boutique.fr\/wp-content\/uploads\/2023\/06\/9-150x113.png"},{"label":"N\u00b010","price":"","image":"https:\/\/brodinbzh-boutique.fr\/wp-content\/uploads\/2023\/06\/11.png","image_id":"2479","thumb":"https:\/\/brodinbzh-boutique.fr\/wp-content\/uploads\/2023\/06\/11-150x150.png"},{"label":"N\u00b011","price":"","image":"https:\/\/brodinbzh-boutique.fr\/wp-content\/uploads\/2023\/06\/12.png","image_id":"2480","thumb":"https:\/\/brodinbzh-boutique.fr\/wp-content\/uploads\/2023\/06\/12-150x123.png"},{"label":"N\u00b012","price":"","image":"https:\/\/brodinbzh-boutique.fr\/wp-content\/uploads\/2023\/06\/13.png","image_id":"2481","thumb":"https:\/\/brodinbzh-boutique.fr\/wp-content\/uploads\/2023\/06\/13-150x150.png"},{"label":"N\u00b013","price":"","image":"https:\/\/brodinbzh-boutique.fr\/wp-content\/uploads\/2023\/06\/14.png","image_id":"2482","thumb":"https:\/\/brodinbzh-boutique.fr\/wp-content\/uploads\/2023\/06\/14-150x121.png"},{"label":"N\u00b014","price":"","image":"https:\/\/brodinbzh-boutique.fr\/wp-content\/uploads\/2023\/06\/15.png","image_id":"2483","thumb":"https:\/\/brodinbzh-boutique.fr\/wp-content\/uploads\/2023\/06\/15-150x128.png"},{"label":"N\u00b015","price":"","image":"https:\/\/brodinbzh-boutique.fr\/wp-content\/uploads\/2023\/06\/16.png","image_id":"2468","thumb":"https:\/\/brodinbzh-boutique.fr\/wp-content\/uploads\/2023\/06\/16-150x127.png"},{"label":"N\u00b016","price":"","image":"https:\/\/brodinbzh-boutique.fr\/wp-content\/uploads\/2023\/06\/17.png","image_id":"2467","thumb":"https:\/\/brodinbzh-boutique.fr\/wp-content\/uploads\/2023\/06\/17-150x150.png"},{"label":"N\u00b017","price":"","image":"https:\/\/brodinbzh-boutique.fr\/wp-content\/uploads\/2023\/06\/18.png","image_id":"2466","thumb":"https:\/\/brodinbzh-boutique.fr\/wp-content\/uploads\/2023\/06\/18-150x132.png"},{"label":"N\u00b018","price":"","image":"https:\/\/brodinbzh-boutique.fr\/wp-content\/uploads\/2023\/06\/19.png","image_id":"2465","thumb":"https:\/\/brodinbzh-boutique.fr\/wp-content\/uploads\/2023\/06\/19-150x126.png"},{"label":"N\u00b019","price":"","image":"https:\/\/brodinbzh-boutique.fr\/wp-content\/uploads\/2023\/06\/20.png","image_id":"2464","thumb":"https:\/\/brodinbzh-boutique.fr\/wp-content\/uploads\/2023\/06\/20-150x134.png"},{"label":"N\u00b020","price":"","image":"https:\/\/brodinbzh-boutique.fr\/wp-content\/uploads\/2023\/06\/21.png","image_id":"2463","thumb":"https:\/\/brodinbzh-boutique.fr\/wp-content\/uploads\/2023\/06\/21-150x135.png"},{"label":"N\u00b021","price":"","image":"https:\/\/brodinbzh-boutique.fr\/wp-content\/uploads\/2023\/06\/22.png","image_id":"2462","thumb":"https:\/\/brodinbzh-boutique.fr\/wp-content\/uploads\/2023\/06\/22-150x127.png"},{"label":"N\u00b022","price":"","image":"https:\/\/brodinbzh-boutique.fr\/wp-content\/uploads\/2023\/06\/23.png","image_id":"2461","thumb":"https:\/\/brodinbzh-boutique.fr\/wp-content\/uploads\/2023\/06\/23-150x124.png"},{"label":"N\u00b023","price":"","image":"https:\/\/brodinbzh-boutique.fr\/wp-content\/uploads\/2023\/06\/24.png","image_id":"2460","thumb":"https:\/\/brodinbzh-boutique.fr\/wp-content\/uploads\/2023\/06\/24-150x131.png"},{"label":"N\u00b024","price":"","image":"https:\/\/brodinbzh-boutique.fr\/wp-content\/uploads\/2023\/06\/25.png","image_id":"2459","thumb":"https:\/\/brodinbzh-boutique.fr\/wp-content\/uploads\/2023\/06\/25-150x143.png"},{"label":"N\u00b025","price":"","image":"https:\/\/brodinbzh-boutique.fr\/wp-content\/uploads\/2023\/06\/26.png","image_id":"2458","thumb":"https:\/\/brodinbzh-boutique.fr\/wp-content\/uploads\/2023\/06\/26-150x93.png"},{"label":"N\u00b026","price":"","image":"https:\/\/brodinbzh-boutique.fr\/wp-content\/uploads\/2023\/06\/27.png","image_id":"2457","thumb":"https:\/\/brodinbzh-boutique.fr\/wp-content\/uploads\/2023\/06\/27-150x123.png"},{"label":"N\u00b027","price":"","image":"https:\/\/brodinbzh-boutique.fr\/wp-content\/uploads\/2023\/06\/28.png","image_id":"2456","thumb":"https:\/\/brodinbzh-boutique.fr\/wp-content\/uploads\/2023\/06\/28-150x125.png"},{"label":"N\u00b028","price":"","image":"https:\/\/brodinbzh-boutique.fr\/wp-content\/uploads\/2023\/06\/29.png","image_id":"2455","thumb":"https:\/\/brodinbzh-boutique.fr\/wp-content\/uploads\/2023\/06\/29-150x120.png"},{"label":"N\u00b029","price":"","image":"https:\/\/brodinbzh-boutique.fr\/wp-content\/uploads\/2023\/06\/30.png","image_id":"2454","thumb":"https:\/\/brodinbzh-boutique.fr\/wp-content\/uploads\/2023\/06\/30-150x139.png"},{"label":"N\u00b030","price":"","image":"https:\/\/brodinbzh-boutique.fr\/wp-content\/uploads\/2023\/06\/31.png","image_id":"2453","thumb":"https:\/\/brodinbzh-boutique.fr\/wp-content\/uploads\/2023\/06\/31-150x88.png"},{"label":"N\u00b031","price":"","image":"https:\/\/brodinbzh-boutique.fr\/wp-content\/uploads\/2023\/06\/32.png","image_id":"2452","thumb":"https:\/\/brodinbzh-boutique.fr\/wp-content\/uploads\/2023\/06\/32-150x128.png"}],"relations":false,"form_id":2559,"form_rules":{"pric_cal_option_once":false,"exclude_from_discount":false,"pric_use_as_fee":false,"fee_label":"Fee","render_after_acb":false,"disp_hide_options_price":false}},{"type":"color","elementId":"wcpa-color-1714392509791","label":"COULEUR DU TEXTE","description":"Je m'appocherai au mieux \u00e0 la couleur que vous aurez choisi","value":"#000000","pricingType":"fixed","name":"color-1714392509791","cl_rule":"show","col":6,"relations":false,"form_id":2554,"form_rules":{"pric_cal_option_once":false,"exclude_from_discount":false,"pric_use_as_fee":false,"fee_label":"Fee","render_after_acb":false,"disp_hide_options_price":false}},{"type":"textarea","elementId":"wcpa-textarea-1714392706032","label":"Quel pr\u00e9nom souhaitez vous broder","placeholder":"Quel pr\u00e9nom souhaitez vous broder","pricingType":"fixed","name":"textarea-1714392706032","cl_rule":"show","col":6,"relations":false,"form_id":2553,"form_rules":{"pric_cal_option_once":false,"exclude_from_discount":false,"pric_use_as_fee":false,"fee_label":"Fee","render_after_acb":false,"disp_hide_options_price":false}}]},"yoast_head":"<!-- This site is optimized with the Yoast SEO plugin v25.8 - https:\/\/yoast.com\/wordpress\/plugins\/seo\/ -->\n<title>Sortie de bain b\u00e9b\u00e9 TOWEL CITY - Sortie de bain b\u00e9b\u00e9 TOWEL CITY<\/title>\n<meta name=\"description\" content=\"Couverture b\u00e9b\u00e9 coton organique BABYBUGZ pret \u00e0 personnaliser. La cape de bain est paraite pour offir un cadeau unique \u00e0 b\u00e9b\u00e9\" \/>\n<meta name=\"robots\" content=\"index, follow, max-snippet:-1, max-image-preview:large, max-video-preview:-1\" \/>\n<link rel=\"canonical\" href=\"https:\/\/brodinbzh-boutique.fr\/index.php\/produit\/sortie-de-bain-bebe-towel-city-bleu\/\" \/>\n<meta property=\"og:locale\" content=\"fr_FR\" \/>\n<meta property=\"og:type\" content=\"article\" \/>\n<meta property=\"og:title\" content=\"Sortie de bain b\u00e9b\u00e9 TOWEL CITY - Sortie de bain b\u00e9b\u00e9 TOWEL CITY\" \/>\n<meta property=\"og:description\" content=\"Couverture b\u00e9b\u00e9 coton organique BABYBUGZ pret \u00e0 personnaliser. La cape de bain est paraite pour offir un cadeau unique \u00e0 b\u00e9b\u00e9\" \/>\n<meta property=\"og:url\" content=\"https:\/\/brodinbzh-boutique.fr\/index.php\/produit\/sortie-de-bain-bebe-towel-city-bleu\/\" \/>\n<meta property=\"og:site_name\" content=\"Brod&#039;in BZH\" \/>\n<meta property=\"article:modified_time\" content=\"2024-04-30T09:34:57+00:00\" \/>\n<meta property=\"og:image\" content=\"https:\/\/brodinbzh-boutique.fr\/wp-content\/uploads\/2020\/11\/TC36_m_5707.png\" \/>\n\t<meta property=\"og:image:width\" content=\"470\" \/>\n\t<meta property=\"og:image:height\" content=\"470\" \/>\n\t<meta property=\"og:image:type\" content=\"image\/png\" \/>\n<meta name=\"twitter:card\" content=\"summary_large_image\" \/>\n<meta name=\"twitter:label1\" content=\"Dur\u00e9e de lecture estim\u00e9e\" \/>\n\t<meta name=\"twitter:data1\" content=\"1 minute\" \/>\n<script type=\"application\/ld+json\" class=\"yoast-schema-graph\">{\"@context\":\"https:\/\/schema.org\",\"@graph\":[{\"@type\":\"WebPage\",\"@id\":\"https:\/\/brodinbzh-boutique.fr\/index.php\/produit\/sortie-de-bain-bebe-towel-city-bleu\/\",\"url\":\"https:\/\/brodinbzh-boutique.fr\/index.php\/produit\/sortie-de-bain-bebe-towel-city-bleu\/\",\"name\":\"Sortie de bain b\u00e9b\u00e9 TOWEL CITY - Sortie de bain b\u00e9b\u00e9 TOWEL CITY\",\"isPartOf\":{\"@id\":\"https:\/\/brodinbzh-boutique.fr\/#website\"},\"primaryImageOfPage\":{\"@id\":\"https:\/\/brodinbzh-boutique.fr\/index.php\/produit\/sortie-de-bain-bebe-towel-city-bleu\/#primaryimage\"},\"image\":{\"@id\":\"https:\/\/brodinbzh-boutique.fr\/index.php\/produit\/sortie-de-bain-bebe-towel-city-bleu\/#primaryimage\"},\"thumbnailUrl\":\"https:\/\/brodinbzh-boutique.fr\/wp-content\/uploads\/2020\/11\/TC36_m_5707.png\",\"datePublished\":\"2020-11-05T08:33:17+00:00\",\"dateModified\":\"2024-04-30T09:34:57+00:00\",\"description\":\"Couverture b\u00e9b\u00e9 coton organique BABYBUGZ pret \u00e0 personnaliser. La cape de bain est paraite pour offir un cadeau unique \u00e0 b\u00e9b\u00e9\",\"breadcrumb\":{\"@id\":\"https:\/\/brodinbzh-boutique.fr\/index.php\/produit\/sortie-de-bain-bebe-towel-city-bleu\/#breadcrumb\"},\"inLanguage\":\"fr-FR\",\"potentialAction\":[{\"@type\":\"ReadAction\",\"target\":[\"https:\/\/brodinbzh-boutique.fr\/index.php\/produit\/sortie-de-bain-bebe-towel-city-bleu\/\"]}]},{\"@type\":\"ImageObject\",\"inLanguage\":\"fr-FR\",\"@id\":\"https:\/\/brodinbzh-boutique.fr\/index.php\/produit\/sortie-de-bain-bebe-towel-city-bleu\/#primaryimage\",\"url\":\"https:\/\/brodinbzh-boutique.fr\/wp-content\/uploads\/2020\/11\/TC36_m_5707.png\",\"contentUrl\":\"https:\/\/brodinbzh-boutique.fr\/wp-content\/uploads\/2020\/11\/TC36_m_5707.png\",\"width\":470,\"height\":470},{\"@type\":\"BreadcrumbList\",\"@id\":\"https:\/\/brodinbzh-boutique.fr\/index.php\/produit\/sortie-de-bain-bebe-towel-city-bleu\/#breadcrumb\",\"itemListElement\":[{\"@type\":\"ListItem\",\"position\":1,\"name\":\"Accueil\",\"item\":\"https:\/\/brodinbzh-boutique.fr\/\"},{\"@type\":\"ListItem\",\"position\":2,\"name\":\"Boutique\",\"item\":\"https:\/\/brodinbzh-boutique.fr\/index.php\/boutique\/\"},{\"@type\":\"ListItem\",\"position\":3,\"name\":\"Sortie de bain b\u00e9b\u00e9 TOWEL CITY\"}]},{\"@type\":\"WebSite\",\"@id\":\"https:\/\/brodinbzh-boutique.fr\/#website\",\"url\":\"https:\/\/brodinbzh-boutique.fr\/\",\"name\":\"Brod&#039;in BZH\",\"description\":\"La personnalisation \u00e0 la port\u00e9e de chacun\",\"publisher\":{\"@id\":\"https:\/\/brodinbzh-boutique.fr\/#organization\"},\"potentialAction\":[{\"@type\":\"SearchAction\",\"target\":{\"@type\":\"EntryPoint\",\"urlTemplate\":\"https:\/\/brodinbzh-boutique.fr\/?s={search_term_string}\"},\"query-input\":{\"@type\":\"PropertyValueSpecification\",\"valueRequired\":true,\"valueName\":\"search_term_string\"}}],\"inLanguage\":\"fr-FR\"},{\"@type\":\"Organization\",\"@id\":\"https:\/\/brodinbzh-boutique.fr\/#organization\",\"name\":\"Brod&#039;in BZH\",\"url\":\"https:\/\/brodinbzh-boutique.fr\/\",\"logo\":{\"@type\":\"ImageObject\",\"inLanguage\":\"fr-FR\",\"@id\":\"https:\/\/brodinbzh-boutique.fr\/#\/schema\/logo\/image\/\",\"url\":\"https:\/\/brodinbzh-boutique.fr\/wp-content\/uploads\/2020\/10\/cropped-bb-e1617185142758.png\",\"contentUrl\":\"https:\/\/brodinbzh-boutique.fr\/wp-content\/uploads\/2020\/10\/cropped-bb-e1617185142758.png\",\"width\":45,\"height\":45,\"caption\":\"Brod&#039;in BZH\"},\"image\":{\"@id\":\"https:\/\/brodinbzh-boutique.fr\/#\/schema\/logo\/image\/\"}}]}<\/script>\n<!-- \/ Yoast SEO plugin. -->","yoast_head_json":{"title":"Sortie de bain b\u00e9b\u00e9 TOWEL CITY - Sortie de bain b\u00e9b\u00e9 TOWEL CITY","description":"Couverture b\u00e9b\u00e9 coton organique BABYBUGZ pret \u00e0 personnaliser. La cape de bain est paraite pour offir un cadeau unique \u00e0 b\u00e9b\u00e9","robots":{"index":"index","follow":"follow","max-snippet":"max-snippet:-1","max-image-preview":"max-image-preview:large","max-video-preview":"max-video-preview:-1"},"canonical":"https:\/\/brodinbzh-boutique.fr\/index.php\/produit\/sortie-de-bain-bebe-towel-city-bleu\/","og_locale":"fr_FR","og_type":"article","og_title":"Sortie de bain b\u00e9b\u00e9 TOWEL CITY - Sortie de bain b\u00e9b\u00e9 TOWEL CITY","og_description":"Couverture b\u00e9b\u00e9 coton organique BABYBUGZ pret \u00e0 personnaliser. La cape de bain est paraite pour offir un cadeau unique \u00e0 b\u00e9b\u00e9","og_url":"https:\/\/brodinbzh-boutique.fr\/index.php\/produit\/sortie-de-bain-bebe-towel-city-bleu\/","og_site_name":"Brod&#039;in BZH","article_modified_time":"2024-04-30T09:34:57+00:00","og_image":[{"width":470,"height":470,"url":"https:\/\/brodinbzh-boutique.fr\/wp-content\/uploads\/2020\/11\/TC36_m_5707.png","type":"image\/png"}],"twitter_card":"summary_large_image","twitter_misc":{"Dur\u00e9e de lecture estim\u00e9e":"1 minute"},"schema":{"@context":"https:\/\/schema.org","@graph":[{"@type":"WebPage","@id":"https:\/\/brodinbzh-boutique.fr\/index.php\/produit\/sortie-de-bain-bebe-towel-city-bleu\/","url":"https:\/\/brodinbzh-boutique.fr\/index.php\/produit\/sortie-de-bain-bebe-towel-city-bleu\/","name":"Sortie de bain b\u00e9b\u00e9 TOWEL CITY - Sortie de bain b\u00e9b\u00e9 TOWEL CITY","isPartOf":{"@id":"https:\/\/brodinbzh-boutique.fr\/#website"},"primaryImageOfPage":{"@id":"https:\/\/brodinbzh-boutique.fr\/index.php\/produit\/sortie-de-bain-bebe-towel-city-bleu\/#primaryimage"},"image":{"@id":"https:\/\/brodinbzh-boutique.fr\/index.php\/produit\/sortie-de-bain-bebe-towel-city-bleu\/#primaryimage"},"thumbnailUrl":"https:\/\/brodinbzh-boutique.fr\/wp-content\/uploads\/2020\/11\/TC36_m_5707.png","datePublished":"2020-11-05T08:33:17+00:00","dateModified":"2024-04-30T09:34:57+00:00","description":"Couverture b\u00e9b\u00e9 coton organique BABYBUGZ pret \u00e0 personnaliser. La cape de bain est paraite pour offir un cadeau unique \u00e0 b\u00e9b\u00e9","breadcrumb":{"@id":"https:\/\/brodinbzh-boutique.fr\/index.php\/produit\/sortie-de-bain-bebe-towel-city-bleu\/#breadcrumb"},"inLanguage":"fr-FR","potentialAction":[{"@type":"ReadAction","target":["https:\/\/brodinbzh-boutique.fr\/index.php\/produit\/sortie-de-bain-bebe-towel-city-bleu\/"]}]},{"@type":"ImageObject","inLanguage":"fr-FR","@id":"https:\/\/brodinbzh-boutique.fr\/index.php\/produit\/sortie-de-bain-bebe-towel-city-bleu\/#primaryimage","url":"https:\/\/brodinbzh-boutique.fr\/wp-content\/uploads\/2020\/11\/TC36_m_5707.png","contentUrl":"https:\/\/brodinbzh-boutique.fr\/wp-content\/uploads\/2020\/11\/TC36_m_5707.png","width":470,"height":470},{"@type":"BreadcrumbList","@id":"https:\/\/brodinbzh-boutique.fr\/index.php\/produit\/sortie-de-bain-bebe-towel-city-bleu\/#breadcrumb","itemListElement":[{"@type":"ListItem","position":1,"name":"Accueil","item":"https:\/\/brodinbzh-boutique.fr\/"},{"@type":"ListItem","position":2,"name":"Boutique","item":"https:\/\/brodinbzh-boutique.fr\/index.php\/boutique\/"},{"@type":"ListItem","position":3,"name":"Sortie de bain b\u00e9b\u00e9 TOWEL CITY"}]},{"@type":"WebSite","@id":"https:\/\/brodinbzh-boutique.fr\/#website","url":"https:\/\/brodinbzh-boutique.fr\/","name":"Brod&#039;in BZH","description":"La personnalisation \u00e0 la port\u00e9e de chacun","publisher":{"@id":"https:\/\/brodinbzh-boutique.fr\/#organization"},"potentialAction":[{"@type":"SearchAction","target":{"@type":"EntryPoint","urlTemplate":"https:\/\/brodinbzh-boutique.fr\/?s={search_term_string}"},"query-input":{"@type":"PropertyValueSpecification","valueRequired":true,"valueName":"search_term_string"}}],"inLanguage":"fr-FR"},{"@type":"Organization","@id":"https:\/\/brodinbzh-boutique.fr\/#organization","name":"Brod&#039;in BZH","url":"https:\/\/brodinbzh-boutique.fr\/","logo":{"@type":"ImageObject","inLanguage":"fr-FR","@id":"https:\/\/brodinbzh-boutique.fr\/#\/schema\/logo\/image\/","url":"https:\/\/brodinbzh-boutique.fr\/wp-content\/uploads\/2020\/10\/cropped-bb-e1617185142758.png","contentUrl":"https:\/\/brodinbzh-boutique.fr\/wp-content\/uploads\/2020\/10\/cropped-bb-e1617185142758.png","width":45,"height":45,"caption":"Brod&#039;in BZH"},"image":{"@id":"https:\/\/brodinbzh-boutique.fr\/#\/schema\/logo\/image\/"}}]}},"jetpack_sharing_enabled":true,"_links":{"self":[{"href":"https:\/\/brodinbzh-boutique.fr\/index.php\/wp-json\/wp\/v2\/product\/1911","targetHints":{"allow":["GET"]}}],"collection":[{"href":"https:\/\/brodinbzh-boutique.fr\/index.php\/wp-json\/wp\/v2\/product"}],"about":[{"href":"https:\/\/brodinbzh-boutique.fr\/index.php\/wp-json\/wp\/v2\/types\/product"}],"replies":[{"embeddable":true,"href":"https:\/\/brodinbzh-boutique.fr\/index.php\/wp-json\/wp\/v2\/comments?post=1911"}],"version-history":[{"count":3,"href":"https:\/\/brodinbzh-boutique.fr\/index.php\/wp-json\/wp\/v2\/product\/1911\/revisions"}],"predecessor-version":[{"id":2608,"href":"https:\/\/brodinbzh-boutique.fr\/index.php\/wp-json\/wp\/v2\/product\/1911\/revisions\/2608"}],"wp:featuredmedia":[{"embeddable":true,"href":"https:\/\/brodinbzh-boutique.fr\/index.php\/wp-json\/wp\/v2\/media\/1912"}],"wp:attachment":[{"href":"https:\/\/brodinbzh-boutique.fr\/index.php\/wp-json\/wp\/v2\/media?parent=1911"}],"wp:term":[{"taxonomy":"product_brand","embeddable":true,"href":"https:\/\/brodinbzh-boutique.fr\/index.php\/wp-json\/wp\/v2\/product_brand?post=1911"},{"taxonomy":"product_cat","embeddable":true,"href":"https:\/\/brodinbzh-boutique.fr\/index.php\/wp-json\/wp\/v2\/product_cat?post=1911"},{"taxonomy":"product_tag","embeddable":true,"href":"https:\/\/brodinbzh-boutique.fr\/index.php\/wp-json\/wp\/v2\/product_tag?post=1911"}],"curies":[{"name":"wp","href":"https:\/\/api.w.org\/{rel}","templated":true}]}}