{"id":2096,"date":"2020-11-06T11:26:32","date_gmt":"2020-11-06T10:26:32","guid":{"rendered":"https:\/\/brodinbzh-boutique.fr\/?post_type=product&#038;p=2096"},"modified":"2020-11-08T13:34:42","modified_gmt":"2020-11-08T12:34:42","slug":"doudou-plat-ourson-bleu-mumbles","status":"publish","type":"product","link":"https:\/\/brodinbzh-boutique.fr\/index.php\/produit\/doudou-plat-ourson-bleu-mumbles\/","title":{"rendered":"Doudou Plat Ourson Bleu -MUMBLES"},"content":{"rendered":"<div class=\"product-infos\">\n<p><label>Description<\/label><\/p>\n<div class=\"content\">100% polyester. Doudou ourson poss\u00e8de un\u00a0 hochet \u00e0 l&rsquo;int\u00e9rieur de la peluche .<\/div>\n<div class=\"content\">Tissu doux avec \u00e9paisseur doubl\u00e9e.<\/div>\n<div class=\"content\">Il y a un Acc\u00e8s par fermeture \u00e9clair \u00e0 une poche de rangement.<\/div>\n<div class=\"content\">Les peluches sont Conforme \u00e0 la norme Europ\u00e9enne pour les jouets EN71 et Conviennent \u00e0 tous les \u00e2ges.<\/div>\n<\/div>\n<div class=\"separator\"><\/div>\n<div class=\"product-infos\">\n<p><label>Tailles<\/label><\/p>\n<div class=\"content\">T-Unique<\/div>\n<\/div>\n","protected":false},"excerpt":{"rendered":"<p>Doudou tout doux pour b\u00e9b\u00e9, \u00e0 personnaliser selon vos envies avec une broderie de haute qualit\u00e9 pos\u00e9e ici en centre Bretagne<\/p>\n","protected":false},"featured_media":2098,"comment_status":"open","ping_status":"closed","template":"","meta":[],"product_brand":[],"product_cat":[74],"product_tag":[],"class_list":{"0":"post-2096","1":"product","2":"type-product","3":"status-publish","4":"has-post-thumbnail","6":"product_cat-les-peluches","8":"first","9":"instock","10":"purchasable","11":"product-type-simple"},"wcpa_form_fields":null,"yoast_head":"<!-- This site is optimized with the Yoast SEO plugin v25.8 - https:\/\/yoast.com\/wordpress\/plugins\/seo\/ -->\n<title>Doudou Plat Ourson Bleu -MUMBLES - Brod&#039;in BZH<\/title>\n<meta name=\"description\" content=\"Doudou tout doux pour b\u00e9b\u00e9, \u00e0 personnaliser selon vos envies avec une broderie de haute qualit\u00e9 pos\u00e9e ici en centre Bretagne\" \/>\n<meta name=\"robots\" content=\"index, follow, max-snippet:-1, max-image-preview:large, max-video-preview:-1\" \/>\n<link rel=\"canonical\" href=\"https:\/\/brodinbzh-boutique.fr\/index.php\/produit\/doudou-plat-ourson-bleu-mumbles\/\" \/>\n<meta property=\"og:locale\" content=\"fr_FR\" \/>\n<meta property=\"og:type\" content=\"article\" \/>\n<meta property=\"og:title\" content=\"Doudou Plat Ourson Bleu -MUMBLES - Brod&#039;in BZH\" \/>\n<meta property=\"og:description\" content=\"Doudou tout doux pour b\u00e9b\u00e9, \u00e0 personnaliser selon vos envies avec une broderie de haute qualit\u00e9 pos\u00e9e ici en centre Bretagne\" \/>\n<meta property=\"og:url\" content=\"https:\/\/brodinbzh-boutique.fr\/index.php\/produit\/doudou-plat-ourson-bleu-mumbles\/\" \/>\n<meta property=\"og:site_name\" content=\"Brod&#039;in BZH\" \/>\n<meta property=\"article:modified_time\" content=\"2020-11-08T12:34:42+00:00\" \/>\n<meta property=\"og:image\" content=\"https:\/\/brodinbzh-boutique.fr\/wp-content\/uploads\/2020\/11\/MM700_c_80126-2.png\" \/>\n\t<meta property=\"og:image:width\" content=\"500\" \/>\n\t<meta property=\"og:image:height\" content=\"471\" \/>\n\t<meta property=\"og:image:type\" content=\"image\/png\" \/>\n<meta name=\"twitter:card\" content=\"summary_large_image\" \/>\n<script type=\"application\/ld+json\" class=\"yoast-schema-graph\">{\"@context\":\"https:\/\/schema.org\",\"@graph\":[{\"@type\":\"WebPage\",\"@id\":\"https:\/\/brodinbzh-boutique.fr\/index.php\/produit\/doudou-plat-ourson-bleu-mumbles\/\",\"url\":\"https:\/\/brodinbzh-boutique.fr\/index.php\/produit\/doudou-plat-ourson-bleu-mumbles\/\",\"name\":\"Doudou Plat Ourson Bleu -MUMBLES - Brod&#039;in BZH\",\"isPartOf\":{\"@id\":\"https:\/\/brodinbzh-boutique.fr\/#website\"},\"primaryImageOfPage\":{\"@id\":\"https:\/\/brodinbzh-boutique.fr\/index.php\/produit\/doudou-plat-ourson-bleu-mumbles\/#primaryimage\"},\"image\":{\"@id\":\"https:\/\/brodinbzh-boutique.fr\/index.php\/produit\/doudou-plat-ourson-bleu-mumbles\/#primaryimage\"},\"thumbnailUrl\":\"https:\/\/brodinbzh-boutique.fr\/wp-content\/uploads\/2020\/11\/MM700_c_80126-2.png\",\"datePublished\":\"2020-11-06T10:26:32+00:00\",\"dateModified\":\"2020-11-08T12:34:42+00:00\",\"description\":\"Doudou tout doux pour b\u00e9b\u00e9, \u00e0 personnaliser selon vos envies avec une broderie de haute qualit\u00e9 pos\u00e9e ici en centre Bretagne\",\"breadcrumb\":{\"@id\":\"https:\/\/brodinbzh-boutique.fr\/index.php\/produit\/doudou-plat-ourson-bleu-mumbles\/#breadcrumb\"},\"inLanguage\":\"fr-FR\",\"potentialAction\":[{\"@type\":\"ReadAction\",\"target\":[\"https:\/\/brodinbzh-boutique.fr\/index.php\/produit\/doudou-plat-ourson-bleu-mumbles\/\"]}]},{\"@type\":\"ImageObject\",\"inLanguage\":\"fr-FR\",\"@id\":\"https:\/\/brodinbzh-boutique.fr\/index.php\/produit\/doudou-plat-ourson-bleu-mumbles\/#primaryimage\",\"url\":\"https:\/\/brodinbzh-boutique.fr\/wp-content\/uploads\/2020\/11\/MM700_c_80126-2.png\",\"contentUrl\":\"https:\/\/brodinbzh-boutique.fr\/wp-content\/uploads\/2020\/11\/MM700_c_80126-2.png\",\"width\":500,\"height\":471},{\"@type\":\"BreadcrumbList\",\"@id\":\"https:\/\/brodinbzh-boutique.fr\/index.php\/produit\/doudou-plat-ourson-bleu-mumbles\/#breadcrumb\",\"itemListElement\":[{\"@type\":\"ListItem\",\"position\":1,\"name\":\"Accueil\",\"item\":\"https:\/\/brodinbzh-boutique.fr\/\"},{\"@type\":\"ListItem\",\"position\":2,\"name\":\"Boutique\",\"item\":\"https:\/\/brodinbzh-boutique.fr\/index.php\/boutique\/\"},{\"@type\":\"ListItem\",\"position\":3,\"name\":\"Doudou Plat Ourson Bleu -MUMBLES\"}]},{\"@type\":\"WebSite\",\"@id\":\"https:\/\/brodinbzh-boutique.fr\/#website\",\"url\":\"https:\/\/brodinbzh-boutique.fr\/\",\"name\":\"Brod&#039;in BZH\",\"description\":\"La personnalisation \u00e0 la port\u00e9e de chacun\",\"publisher\":{\"@id\":\"https:\/\/brodinbzh-boutique.fr\/#organization\"},\"potentialAction\":[{\"@type\":\"SearchAction\",\"target\":{\"@type\":\"EntryPoint\",\"urlTemplate\":\"https:\/\/brodinbzh-boutique.fr\/?s={search_term_string}\"},\"query-input\":{\"@type\":\"PropertyValueSpecification\",\"valueRequired\":true,\"valueName\":\"search_term_string\"}}],\"inLanguage\":\"fr-FR\"},{\"@type\":\"Organization\",\"@id\":\"https:\/\/brodinbzh-boutique.fr\/#organization\",\"name\":\"Brod&#039;in BZH\",\"url\":\"https:\/\/brodinbzh-boutique.fr\/\",\"logo\":{\"@type\":\"ImageObject\",\"inLanguage\":\"fr-FR\",\"@id\":\"https:\/\/brodinbzh-boutique.fr\/#\/schema\/logo\/image\/\",\"url\":\"https:\/\/brodinbzh-boutique.fr\/wp-content\/uploads\/2020\/10\/cropped-bb-e1617185142758.png\",\"contentUrl\":\"https:\/\/brodinbzh-boutique.fr\/wp-content\/uploads\/2020\/10\/cropped-bb-e1617185142758.png\",\"width\":45,\"height\":45,\"caption\":\"Brod&#039;in BZH\"},\"image\":{\"@id\":\"https:\/\/brodinbzh-boutique.fr\/#\/schema\/logo\/image\/\"}}]}<\/script>\n<!-- \/ Yoast SEO plugin. -->","yoast_head_json":{"title":"Doudou Plat Ourson Bleu -MUMBLES - Brod&#039;in BZH","description":"Doudou tout doux pour b\u00e9b\u00e9, \u00e0 personnaliser selon vos envies avec une broderie de haute qualit\u00e9 pos\u00e9e ici en centre Bretagne","robots":{"index":"index","follow":"follow","max-snippet":"max-snippet:-1","max-image-preview":"max-image-preview:large","max-video-preview":"max-video-preview:-1"},"canonical":"https:\/\/brodinbzh-boutique.fr\/index.php\/produit\/doudou-plat-ourson-bleu-mumbles\/","og_locale":"fr_FR","og_type":"article","og_title":"Doudou Plat Ourson Bleu -MUMBLES - Brod&#039;in BZH","og_description":"Doudou tout doux pour b\u00e9b\u00e9, \u00e0 personnaliser selon vos envies avec une broderie de haute qualit\u00e9 pos\u00e9e ici en centre Bretagne","og_url":"https:\/\/brodinbzh-boutique.fr\/index.php\/produit\/doudou-plat-ourson-bleu-mumbles\/","og_site_name":"Brod&#039;in BZH","article_modified_time":"2020-11-08T12:34:42+00:00","og_image":[{"width":500,"height":471,"url":"https:\/\/brodinbzh-boutique.fr\/wp-content\/uploads\/2020\/11\/MM700_c_80126-2.png","type":"image\/png"}],"twitter_card":"summary_large_image","schema":{"@context":"https:\/\/schema.org","@graph":[{"@type":"WebPage","@id":"https:\/\/brodinbzh-boutique.fr\/index.php\/produit\/doudou-plat-ourson-bleu-mumbles\/","url":"https:\/\/brodinbzh-boutique.fr\/index.php\/produit\/doudou-plat-ourson-bleu-mumbles\/","name":"Doudou Plat Ourson Bleu -MUMBLES - Brod&#039;in BZH","isPartOf":{"@id":"https:\/\/brodinbzh-boutique.fr\/#website"},"primaryImageOfPage":{"@id":"https:\/\/brodinbzh-boutique.fr\/index.php\/produit\/doudou-plat-ourson-bleu-mumbles\/#primaryimage"},"image":{"@id":"https:\/\/brodinbzh-boutique.fr\/index.php\/produit\/doudou-plat-ourson-bleu-mumbles\/#primaryimage"},"thumbnailUrl":"https:\/\/brodinbzh-boutique.fr\/wp-content\/uploads\/2020\/11\/MM700_c_80126-2.png","datePublished":"2020-11-06T10:26:32+00:00","dateModified":"2020-11-08T12:34:42+00:00","description":"Doudou tout doux pour b\u00e9b\u00e9, \u00e0 personnaliser selon vos envies avec une broderie de haute qualit\u00e9 pos\u00e9e ici en centre Bretagne","breadcrumb":{"@id":"https:\/\/brodinbzh-boutique.fr\/index.php\/produit\/doudou-plat-ourson-bleu-mumbles\/#breadcrumb"},"inLanguage":"fr-FR","potentialAction":[{"@type":"ReadAction","target":["https:\/\/brodinbzh-boutique.fr\/index.php\/produit\/doudou-plat-ourson-bleu-mumbles\/"]}]},{"@type":"ImageObject","inLanguage":"fr-FR","@id":"https:\/\/brodinbzh-boutique.fr\/index.php\/produit\/doudou-plat-ourson-bleu-mumbles\/#primaryimage","url":"https:\/\/brodinbzh-boutique.fr\/wp-content\/uploads\/2020\/11\/MM700_c_80126-2.png","contentUrl":"https:\/\/brodinbzh-boutique.fr\/wp-content\/uploads\/2020\/11\/MM700_c_80126-2.png","width":500,"height":471},{"@type":"BreadcrumbList","@id":"https:\/\/brodinbzh-boutique.fr\/index.php\/produit\/doudou-plat-ourson-bleu-mumbles\/#breadcrumb","itemListElement":[{"@type":"ListItem","position":1,"name":"Accueil","item":"https:\/\/brodinbzh-boutique.fr\/"},{"@type":"ListItem","position":2,"name":"Boutique","item":"https:\/\/brodinbzh-boutique.fr\/index.php\/boutique\/"},{"@type":"ListItem","position":3,"name":"Doudou Plat Ourson Bleu -MUMBLES"}]},{"@type":"WebSite","@id":"https:\/\/brodinbzh-boutique.fr\/#website","url":"https:\/\/brodinbzh-boutique.fr\/","name":"Brod&#039;in BZH","description":"La personnalisation \u00e0 la port\u00e9e de chacun","publisher":{"@id":"https:\/\/brodinbzh-boutique.fr\/#organization"},"potentialAction":[{"@type":"SearchAction","target":{"@type":"EntryPoint","urlTemplate":"https:\/\/brodinbzh-boutique.fr\/?s={search_term_string}"},"query-input":{"@type":"PropertyValueSpecification","valueRequired":true,"valueName":"search_term_string"}}],"inLanguage":"fr-FR"},{"@type":"Organization","@id":"https:\/\/brodinbzh-boutique.fr\/#organization","name":"Brod&#039;in BZH","url":"https:\/\/brodinbzh-boutique.fr\/","logo":{"@type":"ImageObject","inLanguage":"fr-FR","@id":"https:\/\/brodinbzh-boutique.fr\/#\/schema\/logo\/image\/","url":"https:\/\/brodinbzh-boutique.fr\/wp-content\/uploads\/2020\/10\/cropped-bb-e1617185142758.png","contentUrl":"https:\/\/brodinbzh-boutique.fr\/wp-content\/uploads\/2020\/10\/cropped-bb-e1617185142758.png","width":45,"height":45,"caption":"Brod&#039;in BZH"},"image":{"@id":"https:\/\/brodinbzh-boutique.fr\/#\/schema\/logo\/image\/"}}]}},"jetpack_sharing_enabled":true,"_links":{"self":[{"href":"https:\/\/brodinbzh-boutique.fr\/index.php\/wp-json\/wp\/v2\/product\/2096","targetHints":{"allow":["GET"]}}],"collection":[{"href":"https:\/\/brodinbzh-boutique.fr\/index.php\/wp-json\/wp\/v2\/product"}],"about":[{"href":"https:\/\/brodinbzh-boutique.fr\/index.php\/wp-json\/wp\/v2\/types\/product"}],"replies":[{"embeddable":true,"href":"https:\/\/brodinbzh-boutique.fr\/index.php\/wp-json\/wp\/v2\/comments?post=2096"}],"version-history":[{"count":1,"href":"https:\/\/brodinbzh-boutique.fr\/index.php\/wp-json\/wp\/v2\/product\/2096\/revisions"}],"predecessor-version":[{"id":2102,"href":"https:\/\/brodinbzh-boutique.fr\/index.php\/wp-json\/wp\/v2\/product\/2096\/revisions\/2102"}],"wp:featuredmedia":[{"embeddable":true,"href":"https:\/\/brodinbzh-boutique.fr\/index.php\/wp-json\/wp\/v2\/media\/2098"}],"wp:attachment":[{"href":"https:\/\/brodinbzh-boutique.fr\/index.php\/wp-json\/wp\/v2\/media?parent=2096"}],"wp:term":[{"taxonomy":"product_brand","embeddable":true,"href":"https:\/\/brodinbzh-boutique.fr\/index.php\/wp-json\/wp\/v2\/product_brand?post=2096"},{"taxonomy":"product_cat","embeddable":true,"href":"https:\/\/brodinbzh-boutique.fr\/index.php\/wp-json\/wp\/v2\/product_cat?post=2096"},{"taxonomy":"product_tag","embeddable":true,"href":"https:\/\/brodinbzh-boutique.fr\/index.php\/wp-json\/wp\/v2\/product_tag?post=2096"}],"curies":[{"name":"wp","href":"https:\/\/api.w.org\/{rel}","templated":true}]}}