{"id":2139,"date":"2020-11-07T11:36:28","date_gmt":"2020-11-07T10:36:28","guid":{"rendered":"https:\/\/brodinbzh-boutique.fr\/?post_type=product&#038;p=2139"},"modified":"2024-04-02T12:44:22","modified_gmt":"2024-04-02T10:44:22","slug":"doudou-plat-monkey-mumbles","status":"publish","type":"product","link":"https:\/\/brodinbzh-boutique.fr\/index.php\/produit\/doudou-plat-monkey-mumbles\/","title":{"rendered":"Doudou Plat Monkey MUMBLES"},"content":{"rendered":"\t\t<div data-elementor-type=\"wp-post\" data-elementor-id=\"2139\" class=\"elementor elementor-2139\">\n\t\t\t\t\t\t<section class=\"elementor-section elementor-top-section elementor-element elementor-element-37abca11 elementor-section-boxed elementor-section-height-default elementor-section-height-default\" data-id=\"37abca11\" data-element_type=\"section\">\n\t\t\t\t\t\t<div class=\"elementor-container elementor-column-gap-default\">\n\t\t\t\t\t<div class=\"elementor-column elementor-col-100 elementor-top-column elementor-element elementor-element-2e2eeba5\" data-id=\"2e2eeba5\" data-element_type=\"column\">\n\t\t\t<div class=\"elementor-widget-wrap elementor-element-populated\">\n\t\t\t\t\t\t<div class=\"elementor-element elementor-element-1fb91044 elementor-widget elementor-widget-text-editor\" data-id=\"1fb91044\" data-element_type=\"widget\" data-widget_type=\"text-editor.default\">\n\t\t\t\t<div class=\"elementor-widget-container\">\n\t\t\t\t\t\t\t\t\t<div class=\"product-infos\">\r\n\r\n<label>Description<\/label>\r\n<div class=\"content\">100% polyester.<\/div>\r\n<div class=\"content\">Tissu doux avec \u00e9paisseur doubl\u00e9e.<\/div>\r\n<div class=\"content\">Il y a un Acc\u00e8s par fermeture \u00e9clair \u00e0 une poche de rangement.<\/div>\r\n<div class=\"content\">Les peluches sont Conforme \u00e0 la norme Europ\u00e9enne pour les jouets EN71 et Conviennent \u00e0 tous les \u00e2ges.<\/div>\r\n<\/div>\r\n<div class=\"separator\">\r\n\r\n&nbsp;\r\n<div class=\"content\"><\/div>\r\n<\/div>\r\n<div class=\"product-infos\">\r\n\r\n<label>Tailles<\/label>\r\n<div class=\"content\">T-Unique Dimensions : 26&#215;26 cm<\/div>\r\n<div>Poids : 60g.<\/div>\r\n<\/div>\t\t\t\t\t\t\t\t<\/div>\n\t\t\t\t<\/div>\n\t\t\t\t\t<\/div>\n\t\t<\/div>\n\t\t\t\t\t<\/div>\n\t\t<\/section>\n\t\t\t\t<section class=\"elementor-section elementor-top-section elementor-element elementor-element-7587850 elementor-section-boxed elementor-section-height-default elementor-section-height-default\" data-id=\"7587850\" data-element_type=\"section\">\n\t\t\t\t\t\t<div class=\"elementor-container elementor-column-gap-default\">\n\t\t\t\t\t<div class=\"elementor-column elementor-col-100 elementor-top-column elementor-element elementor-element-ef78f8c\" data-id=\"ef78f8c\" data-element_type=\"column\">\n\t\t\t<div class=\"elementor-widget-wrap\">\n\t\t\t\t\t\t\t<\/div>\n\t\t<\/div>\n\t\t\t\t\t<\/div>\n\t\t<\/section>\n\t\t\t\t<\/div>\n\t\t","protected":false},"excerpt":{"rendered":"<p>Doudou tout doux pour b\u00e9b\u00e9, \u00e0 personnaliser selon vos envies avec une broderie de haute qualit\u00e9 pos\u00e9e ici en centre Bretagne<\/p>\n","protected":false},"featured_media":2140,"comment_status":"open","ping_status":"closed","template":"","meta":[],"product_brand":[],"product_cat":[74],"product_tag":[],"class_list":{"0":"post-2139","1":"product","2":"type-product","3":"status-publish","4":"has-post-thumbnail","6":"product_cat-les-peluches","7":"wcpa_has_options","9":"first","10":"instock","11":"purchasable","12":"product-type-simple"},"wcpa_form_fields":{"rules":{"pric_overide_base_price":false,"pric_overide_base_price_if_gt_zero":false,"pric_overide_base_price_fully":false,"pric_cal_option_once":false,"pric_use_as_fee":false,"bind_quantity":false,"quantity_bind_formula":false},"fields":[{"type":"color","elementId":"wcpa-color-1714392509791","label":"COULEUR DU TEXTE","description":"Je m'appocherai au mieux \u00e0 la couleur que vous aurez choisi","value":"#000000","pricingType":"fixed","name":"color-1714392509791","cl_rule":"show","col":6,"relations":false,"form_id":2554,"form_rules":{"pric_cal_option_once":false,"exclude_from_discount":false,"pric_use_as_fee":false,"fee_label":"Fee","render_after_acb":false,"disp_hide_options_price":false}},{"type":"textarea","elementId":"wcpa-textarea-1714392706032","label":"Quel pr\u00e9nom souhaitez vous broder","placeholder":"Quel pr\u00e9nom souhaitez vous broder","pricingType":"fixed","name":"textarea-1714392706032","cl_rule":"show","col":6,"relations":false,"form_id":2553,"form_rules":{"pric_cal_option_once":false,"exclude_from_discount":false,"pric_use_as_fee":false,"fee_label":"Fee","render_after_acb":false,"disp_hide_options_price":false}}]},"yoast_head":"<!-- This site is optimized with the Yoast SEO plugin v25.8 - https:\/\/yoast.com\/wordpress\/plugins\/seo\/ -->\n<title>Doudou Plat Monkey MUMBLES - Doudou Plat Monkey MUMBLES<\/title>\n<meta name=\"description\" content=\"Doudou tout doux pour b\u00e9b\u00e9, \u00e0 personnaliser selon vos envies avec une broderie de haute qualit\u00e9 pos\u00e9e ici en centre Bretagne\" \/>\n<meta name=\"robots\" content=\"index, follow, max-snippet:-1, max-image-preview:large, max-video-preview:-1\" \/>\n<link rel=\"canonical\" href=\"https:\/\/brodinbzh-boutique.fr\/index.php\/produit\/doudou-plat-monkey-mumbles\/\" \/>\n<meta property=\"og:locale\" content=\"fr_FR\" \/>\n<meta property=\"og:type\" content=\"article\" \/>\n<meta property=\"og:title\" content=\"Doudou Plat Monkey MUMBLES - Doudou Plat Monkey MUMBLES\" \/>\n<meta property=\"og:description\" content=\"Doudou tout doux pour b\u00e9b\u00e9, \u00e0 personnaliser selon vos envies avec une broderie de haute qualit\u00e9 pos\u00e9e ici en centre Bretagne\" \/>\n<meta property=\"og:url\" content=\"https:\/\/brodinbzh-boutique.fr\/index.php\/produit\/doudou-plat-monkey-mumbles\/\" \/>\n<meta property=\"og:site_name\" content=\"Brod&#039;in BZH\" \/>\n<meta property=\"article:modified_time\" content=\"2024-04-02T10:44:22+00:00\" \/>\n<meta property=\"og:image\" content=\"https:\/\/brodinbzh-boutique.fr\/wp-content\/uploads\/2020\/11\/MM20_m_4648.png\" \/>\n\t<meta property=\"og:image:width\" content=\"500\" \/>\n\t<meta property=\"og:image:height\" content=\"343\" \/>\n\t<meta property=\"og:image:type\" content=\"image\/png\" \/>\n<meta name=\"twitter:card\" content=\"summary_large_image\" \/>\n<meta name=\"twitter:label1\" content=\"Dur\u00e9e de lecture estim\u00e9e\" \/>\n\t<meta name=\"twitter:data1\" content=\"1 minute\" \/>\n<script type=\"application\/ld+json\" class=\"yoast-schema-graph\">{\"@context\":\"https:\/\/schema.org\",\"@graph\":[{\"@type\":\"WebPage\",\"@id\":\"https:\/\/brodinbzh-boutique.fr\/index.php\/produit\/doudou-plat-monkey-mumbles\/\",\"url\":\"https:\/\/brodinbzh-boutique.fr\/index.php\/produit\/doudou-plat-monkey-mumbles\/\",\"name\":\"Doudou Plat Monkey MUMBLES - Doudou Plat Monkey MUMBLES\",\"isPartOf\":{\"@id\":\"https:\/\/brodinbzh-boutique.fr\/#website\"},\"primaryImageOfPage\":{\"@id\":\"https:\/\/brodinbzh-boutique.fr\/index.php\/produit\/doudou-plat-monkey-mumbles\/#primaryimage\"},\"image\":{\"@id\":\"https:\/\/brodinbzh-boutique.fr\/index.php\/produit\/doudou-plat-monkey-mumbles\/#primaryimage\"},\"thumbnailUrl\":\"https:\/\/brodinbzh-boutique.fr\/wp-content\/uploads\/2020\/11\/MM20_m_4648.png\",\"datePublished\":\"2020-11-07T10:36:28+00:00\",\"dateModified\":\"2024-04-02T10:44:22+00:00\",\"description\":\"Doudou tout doux pour b\u00e9b\u00e9, \u00e0 personnaliser selon vos envies avec une broderie de haute qualit\u00e9 pos\u00e9e ici en centre Bretagne\",\"breadcrumb\":{\"@id\":\"https:\/\/brodinbzh-boutique.fr\/index.php\/produit\/doudou-plat-monkey-mumbles\/#breadcrumb\"},\"inLanguage\":\"fr-FR\",\"potentialAction\":[{\"@type\":\"ReadAction\",\"target\":[\"https:\/\/brodinbzh-boutique.fr\/index.php\/produit\/doudou-plat-monkey-mumbles\/\"]}]},{\"@type\":\"ImageObject\",\"inLanguage\":\"fr-FR\",\"@id\":\"https:\/\/brodinbzh-boutique.fr\/index.php\/produit\/doudou-plat-monkey-mumbles\/#primaryimage\",\"url\":\"https:\/\/brodinbzh-boutique.fr\/wp-content\/uploads\/2020\/11\/MM20_m_4648.png\",\"contentUrl\":\"https:\/\/brodinbzh-boutique.fr\/wp-content\/uploads\/2020\/11\/MM20_m_4648.png\",\"width\":500,\"height\":343},{\"@type\":\"BreadcrumbList\",\"@id\":\"https:\/\/brodinbzh-boutique.fr\/index.php\/produit\/doudou-plat-monkey-mumbles\/#breadcrumb\",\"itemListElement\":[{\"@type\":\"ListItem\",\"position\":1,\"name\":\"Accueil\",\"item\":\"https:\/\/brodinbzh-boutique.fr\/\"},{\"@type\":\"ListItem\",\"position\":2,\"name\":\"Boutique\",\"item\":\"https:\/\/brodinbzh-boutique.fr\/index.php\/boutique\/\"},{\"@type\":\"ListItem\",\"position\":3,\"name\":\"Doudou Plat Monkey MUMBLES\"}]},{\"@type\":\"WebSite\",\"@id\":\"https:\/\/brodinbzh-boutique.fr\/#website\",\"url\":\"https:\/\/brodinbzh-boutique.fr\/\",\"name\":\"Brod&#039;in BZH\",\"description\":\"La personnalisation \u00e0 la port\u00e9e de chacun\",\"publisher\":{\"@id\":\"https:\/\/brodinbzh-boutique.fr\/#organization\"},\"potentialAction\":[{\"@type\":\"SearchAction\",\"target\":{\"@type\":\"EntryPoint\",\"urlTemplate\":\"https:\/\/brodinbzh-boutique.fr\/?s={search_term_string}\"},\"query-input\":{\"@type\":\"PropertyValueSpecification\",\"valueRequired\":true,\"valueName\":\"search_term_string\"}}],\"inLanguage\":\"fr-FR\"},{\"@type\":\"Organization\",\"@id\":\"https:\/\/brodinbzh-boutique.fr\/#organization\",\"name\":\"Brod&#039;in BZH\",\"url\":\"https:\/\/brodinbzh-boutique.fr\/\",\"logo\":{\"@type\":\"ImageObject\",\"inLanguage\":\"fr-FR\",\"@id\":\"https:\/\/brodinbzh-boutique.fr\/#\/schema\/logo\/image\/\",\"url\":\"https:\/\/brodinbzh-boutique.fr\/wp-content\/uploads\/2020\/10\/cropped-bb-e1617185142758.png\",\"contentUrl\":\"https:\/\/brodinbzh-boutique.fr\/wp-content\/uploads\/2020\/10\/cropped-bb-e1617185142758.png\",\"width\":45,\"height\":45,\"caption\":\"Brod&#039;in BZH\"},\"image\":{\"@id\":\"https:\/\/brodinbzh-boutique.fr\/#\/schema\/logo\/image\/\"}}]}<\/script>\n<!-- \/ Yoast SEO plugin. -->","yoast_head_json":{"title":"Doudou Plat Monkey MUMBLES - Doudou Plat Monkey MUMBLES","description":"Doudou tout doux pour b\u00e9b\u00e9, \u00e0 personnaliser selon vos envies avec une broderie de haute qualit\u00e9 pos\u00e9e ici en centre Bretagne","robots":{"index":"index","follow":"follow","max-snippet":"max-snippet:-1","max-image-preview":"max-image-preview:large","max-video-preview":"max-video-preview:-1"},"canonical":"https:\/\/brodinbzh-boutique.fr\/index.php\/produit\/doudou-plat-monkey-mumbles\/","og_locale":"fr_FR","og_type":"article","og_title":"Doudou Plat Monkey MUMBLES - Doudou Plat Monkey MUMBLES","og_description":"Doudou tout doux pour b\u00e9b\u00e9, \u00e0 personnaliser selon vos envies avec une broderie de haute qualit\u00e9 pos\u00e9e ici en centre Bretagne","og_url":"https:\/\/brodinbzh-boutique.fr\/index.php\/produit\/doudou-plat-monkey-mumbles\/","og_site_name":"Brod&#039;in BZH","article_modified_time":"2024-04-02T10:44:22+00:00","og_image":[{"width":500,"height":343,"url":"https:\/\/brodinbzh-boutique.fr\/wp-content\/uploads\/2020\/11\/MM20_m_4648.png","type":"image\/png"}],"twitter_card":"summary_large_image","twitter_misc":{"Dur\u00e9e de lecture estim\u00e9e":"1 minute"},"schema":{"@context":"https:\/\/schema.org","@graph":[{"@type":"WebPage","@id":"https:\/\/brodinbzh-boutique.fr\/index.php\/produit\/doudou-plat-monkey-mumbles\/","url":"https:\/\/brodinbzh-boutique.fr\/index.php\/produit\/doudou-plat-monkey-mumbles\/","name":"Doudou Plat Monkey MUMBLES - Doudou Plat Monkey MUMBLES","isPartOf":{"@id":"https:\/\/brodinbzh-boutique.fr\/#website"},"primaryImageOfPage":{"@id":"https:\/\/brodinbzh-boutique.fr\/index.php\/produit\/doudou-plat-monkey-mumbles\/#primaryimage"},"image":{"@id":"https:\/\/brodinbzh-boutique.fr\/index.php\/produit\/doudou-plat-monkey-mumbles\/#primaryimage"},"thumbnailUrl":"https:\/\/brodinbzh-boutique.fr\/wp-content\/uploads\/2020\/11\/MM20_m_4648.png","datePublished":"2020-11-07T10:36:28+00:00","dateModified":"2024-04-02T10:44:22+00:00","description":"Doudou tout doux pour b\u00e9b\u00e9, \u00e0 personnaliser selon vos envies avec une broderie de haute qualit\u00e9 pos\u00e9e ici en centre Bretagne","breadcrumb":{"@id":"https:\/\/brodinbzh-boutique.fr\/index.php\/produit\/doudou-plat-monkey-mumbles\/#breadcrumb"},"inLanguage":"fr-FR","potentialAction":[{"@type":"ReadAction","target":["https:\/\/brodinbzh-boutique.fr\/index.php\/produit\/doudou-plat-monkey-mumbles\/"]}]},{"@type":"ImageObject","inLanguage":"fr-FR","@id":"https:\/\/brodinbzh-boutique.fr\/index.php\/produit\/doudou-plat-monkey-mumbles\/#primaryimage","url":"https:\/\/brodinbzh-boutique.fr\/wp-content\/uploads\/2020\/11\/MM20_m_4648.png","contentUrl":"https:\/\/brodinbzh-boutique.fr\/wp-content\/uploads\/2020\/11\/MM20_m_4648.png","width":500,"height":343},{"@type":"BreadcrumbList","@id":"https:\/\/brodinbzh-boutique.fr\/index.php\/produit\/doudou-plat-monkey-mumbles\/#breadcrumb","itemListElement":[{"@type":"ListItem","position":1,"name":"Accueil","item":"https:\/\/brodinbzh-boutique.fr\/"},{"@type":"ListItem","position":2,"name":"Boutique","item":"https:\/\/brodinbzh-boutique.fr\/index.php\/boutique\/"},{"@type":"ListItem","position":3,"name":"Doudou Plat Monkey MUMBLES"}]},{"@type":"WebSite","@id":"https:\/\/brodinbzh-boutique.fr\/#website","url":"https:\/\/brodinbzh-boutique.fr\/","name":"Brod&#039;in BZH","description":"La personnalisation \u00e0 la port\u00e9e de chacun","publisher":{"@id":"https:\/\/brodinbzh-boutique.fr\/#organization"},"potentialAction":[{"@type":"SearchAction","target":{"@type":"EntryPoint","urlTemplate":"https:\/\/brodinbzh-boutique.fr\/?s={search_term_string}"},"query-input":{"@type":"PropertyValueSpecification","valueRequired":true,"valueName":"search_term_string"}}],"inLanguage":"fr-FR"},{"@type":"Organization","@id":"https:\/\/brodinbzh-boutique.fr\/#organization","name":"Brod&#039;in BZH","url":"https:\/\/brodinbzh-boutique.fr\/","logo":{"@type":"ImageObject","inLanguage":"fr-FR","@id":"https:\/\/brodinbzh-boutique.fr\/#\/schema\/logo\/image\/","url":"https:\/\/brodinbzh-boutique.fr\/wp-content\/uploads\/2020\/10\/cropped-bb-e1617185142758.png","contentUrl":"https:\/\/brodinbzh-boutique.fr\/wp-content\/uploads\/2020\/10\/cropped-bb-e1617185142758.png","width":45,"height":45,"caption":"Brod&#039;in BZH"},"image":{"@id":"https:\/\/brodinbzh-boutique.fr\/#\/schema\/logo\/image\/"}}]}},"jetpack_sharing_enabled":true,"_links":{"self":[{"href":"https:\/\/brodinbzh-boutique.fr\/index.php\/wp-json\/wp\/v2\/product\/2139","targetHints":{"allow":["GET"]}}],"collection":[{"href":"https:\/\/brodinbzh-boutique.fr\/index.php\/wp-json\/wp\/v2\/product"}],"about":[{"href":"https:\/\/brodinbzh-boutique.fr\/index.php\/wp-json\/wp\/v2\/types\/product"}],"replies":[{"embeddable":true,"href":"https:\/\/brodinbzh-boutique.fr\/index.php\/wp-json\/wp\/v2\/comments?post=2139"}],"version-history":[{"count":5,"href":"https:\/\/brodinbzh-boutique.fr\/index.php\/wp-json\/wp\/v2\/product\/2139\/revisions"}],"predecessor-version":[{"id":2552,"href":"https:\/\/brodinbzh-boutique.fr\/index.php\/wp-json\/wp\/v2\/product\/2139\/revisions\/2552"}],"wp:featuredmedia":[{"embeddable":true,"href":"https:\/\/brodinbzh-boutique.fr\/index.php\/wp-json\/wp\/v2\/media\/2140"}],"wp:attachment":[{"href":"https:\/\/brodinbzh-boutique.fr\/index.php\/wp-json\/wp\/v2\/media?parent=2139"}],"wp:term":[{"taxonomy":"product_brand","embeddable":true,"href":"https:\/\/brodinbzh-boutique.fr\/index.php\/wp-json\/wp\/v2\/product_brand?post=2139"},{"taxonomy":"product_cat","embeddable":true,"href":"https:\/\/brodinbzh-boutique.fr\/index.php\/wp-json\/wp\/v2\/product_cat?post=2139"},{"taxonomy":"product_tag","embeddable":true,"href":"https:\/\/brodinbzh-boutique.fr\/index.php\/wp-json\/wp\/v2\/product_tag?post=2139"}],"curies":[{"name":"wp","href":"https:\/\/api.w.org\/{rel}","templated":true}]}}