{"id":2432,"date":"2023-04-24T16:45:44","date_gmt":"2023-04-24T14:45:44","guid":{"rendered":"https:\/\/brodinbzh-boutique.fr\/?post_type=product&#038;p=2432"},"modified":"2024-04-30T11:11:18","modified_gmt":"2024-04-30T09:11:18","slug":"protege-carnet-de-sante-blanc-2","status":"publish","type":"product","link":"https:\/\/brodinbzh-boutique.fr\/index.php\/produit\/protege-carnet-de-sante-blanc-2\/","title":{"rendered":"Prot\u00e8ge carnet de sant\u00e9 Blanc"},"content":{"rendered":"<h2 style=\"text-align: left;\">Une id\u00e9e de cadeau originale qui dure dans le temps et accompagne vos enfants.<\/h2>\n<p style=\"text-align: left;\">R\u00e9alisation 100% fait main en Bretagne par BROD IN BZH :<strong> SIMILI CUIR\u00a0<\/strong> pour l\u2019ext\u00e9rieur et du tissus color\u00e9 pour l\u2019int\u00e9rieure en fonction des arrivages mais toujours neutre et coordonn\u00e9e selon le motif.<\/p>\n<p style=\"text-align: left;\">Votre motif sera brod\u00e9 avec soin (chaque motif est une r\u00e9alisation unique), vous pouvez ajouter un texte, la date de naissance mais aussi le poids ou\/et la taille de naissance.<\/p>\n<p style=\"text-align: left;\">\u00a0Faites vous un cadeau unique de qualit\u00e9 ou offrez une id\u00e9e originale qui plaira \u00e0 coup sure.<\/p>\n<h3 class=\"lireplus pt1 font-arial\">MOTIF LOLA<\/h3>\n<p class=\"lireplus pt1 font-arial\">\n","protected":false},"excerpt":{"rendered":"<p>Une id\u00e9e de cadeau originale qui dure dans le temps et accompagne vos enfants. R\u00e9alisation 100% fait main en Bretagne par BROD IN BZH : SIMILI CUIR\u00a0 pour l\u2019ext\u00e9rieur et du tissus color\u00e9 pour l\u2019int\u00e9rieure en fonction des arrivages mais toujours neutre et coordonn\u00e9e selon le motif. Votre motif sera brod\u00e9 avec soin (chaque motif [&hellip;]<\/p>\n","protected":false},"featured_media":2062,"comment_status":"open","ping_status":"closed","template":"","meta":[],"product_brand":[],"product_cat":[29,59],"product_tag":[60,63,64,61,66,65,62],"class_list":{"0":"post-2432","1":"product","2":"type-product","3":"status-publish","4":"has-post-thumbnail","6":"product_cat-pour-les-petits","7":"product_cat-protege-carnet-de-sante","8":"product_tag-broderie","9":"product_tag-cadeau","10":"product_tag-carnet-de-sante","11":"product_tag-personnalise","12":"product_tag-plumeliau","13":"product_tag-protege","14":"product_tag-unique","16":"first","17":"outofstock","18":"purchasable","19":"product-type-simple"},"wcpa_form_fields":null,"yoast_head":"<!-- This site is optimized with the Yoast SEO plugin v25.8 - https:\/\/yoast.com\/wordpress\/plugins\/seo\/ -->\n<title>Prot\u00e8ge carnet de sant\u00e9 Blanc Prot\u00e8ge carnet de sant\u00e9 Blanc<\/title>\n<meta name=\"description\" content=\"Une id\u00e9e de cadeau originale qui dure dans le temps et accompagne vos enfants. Les carnet sont Totalement personnalisables\" \/>\n<meta name=\"robots\" content=\"index, follow, max-snippet:-1, max-image-preview:large, max-video-preview:-1\" \/>\n<link rel=\"canonical\" href=\"https:\/\/brodinbzh-boutique.fr\/index.php\/produit\/protege-carnet-de-sante-blanc-2\/\" \/>\n<meta property=\"og:locale\" content=\"fr_FR\" \/>\n<meta property=\"og:type\" content=\"article\" \/>\n<meta property=\"og:title\" content=\"Prot\u00e8ge carnet de sant\u00e9 Blanc Prot\u00e8ge carnet de sant\u00e9 Blanc\" \/>\n<meta property=\"og:description\" content=\"Une id\u00e9e de cadeau originale qui dure dans le temps et accompagne vos enfants. Les carnet sont Totalement personnalisables\" \/>\n<meta property=\"og:url\" content=\"https:\/\/brodinbzh-boutique.fr\/index.php\/produit\/protege-carnet-de-sante-blanc-2\/\" \/>\n<meta property=\"og:site_name\" content=\"Brod&#039;in BZH\" \/>\n<meta property=\"article:modified_time\" content=\"2024-04-30T09:11:18+00:00\" \/>\n<meta property=\"og:image\" content=\"https:\/\/brodinbzh-boutique.fr\/wp-content\/uploads\/2020\/11\/225.jpg\" \/>\n\t<meta property=\"og:image:width\" content=\"500\" \/>\n\t<meta property=\"og:image:height\" content=\"457\" \/>\n\t<meta property=\"og:image:type\" content=\"image\/jpeg\" \/>\n<meta name=\"twitter:card\" content=\"summary_large_image\" \/>\n<meta name=\"twitter:label1\" content=\"Dur\u00e9e de lecture estim\u00e9e\" \/>\n\t<meta name=\"twitter:data1\" content=\"1 minute\" \/>\n<script type=\"application\/ld+json\" class=\"yoast-schema-graph\">{\"@context\":\"https:\/\/schema.org\",\"@graph\":[{\"@type\":\"WebPage\",\"@id\":\"https:\/\/brodinbzh-boutique.fr\/index.php\/produit\/protege-carnet-de-sante-blanc-2\/\",\"url\":\"https:\/\/brodinbzh-boutique.fr\/index.php\/produit\/protege-carnet-de-sante-blanc-2\/\",\"name\":\"Prot\u00e8ge carnet de sant\u00e9 Blanc Prot\u00e8ge carnet de sant\u00e9 Blanc\",\"isPartOf\":{\"@id\":\"https:\/\/brodinbzh-boutique.fr\/#website\"},\"primaryImageOfPage\":{\"@id\":\"https:\/\/brodinbzh-boutique.fr\/index.php\/produit\/protege-carnet-de-sante-blanc-2\/#primaryimage\"},\"image\":{\"@id\":\"https:\/\/brodinbzh-boutique.fr\/index.php\/produit\/protege-carnet-de-sante-blanc-2\/#primaryimage\"},\"thumbnailUrl\":\"https:\/\/brodinbzh-boutique.fr\/wp-content\/uploads\/2020\/11\/225.jpg\",\"datePublished\":\"2023-04-24T14:45:44+00:00\",\"dateModified\":\"2024-04-30T09:11:18+00:00\",\"description\":\"Une id\u00e9e de cadeau originale qui dure dans le temps et accompagne vos enfants. Les carnet sont Totalement personnalisables\",\"breadcrumb\":{\"@id\":\"https:\/\/brodinbzh-boutique.fr\/index.php\/produit\/protege-carnet-de-sante-blanc-2\/#breadcrumb\"},\"inLanguage\":\"fr-FR\",\"potentialAction\":[{\"@type\":\"ReadAction\",\"target\":[\"https:\/\/brodinbzh-boutique.fr\/index.php\/produit\/protege-carnet-de-sante-blanc-2\/\"]}]},{\"@type\":\"ImageObject\",\"inLanguage\":\"fr-FR\",\"@id\":\"https:\/\/brodinbzh-boutique.fr\/index.php\/produit\/protege-carnet-de-sante-blanc-2\/#primaryimage\",\"url\":\"https:\/\/brodinbzh-boutique.fr\/wp-content\/uploads\/2020\/11\/225.jpg\",\"contentUrl\":\"https:\/\/brodinbzh-boutique.fr\/wp-content\/uploads\/2020\/11\/225.jpg\",\"width\":500,\"height\":457},{\"@type\":\"BreadcrumbList\",\"@id\":\"https:\/\/brodinbzh-boutique.fr\/index.php\/produit\/protege-carnet-de-sante-blanc-2\/#breadcrumb\",\"itemListElement\":[{\"@type\":\"ListItem\",\"position\":1,\"name\":\"Accueil\",\"item\":\"https:\/\/brodinbzh-boutique.fr\/\"},{\"@type\":\"ListItem\",\"position\":2,\"name\":\"Boutique\",\"item\":\"https:\/\/brodinbzh-boutique.fr\/index.php\/boutique\/\"},{\"@type\":\"ListItem\",\"position\":3,\"name\":\"Prot\u00e8ge carnet de sant\u00e9 Blanc\"}]},{\"@type\":\"WebSite\",\"@id\":\"https:\/\/brodinbzh-boutique.fr\/#website\",\"url\":\"https:\/\/brodinbzh-boutique.fr\/\",\"name\":\"Brod&#039;in BZH\",\"description\":\"La personnalisation \u00e0 la port\u00e9e de chacun\",\"publisher\":{\"@id\":\"https:\/\/brodinbzh-boutique.fr\/#organization\"},\"potentialAction\":[{\"@type\":\"SearchAction\",\"target\":{\"@type\":\"EntryPoint\",\"urlTemplate\":\"https:\/\/brodinbzh-boutique.fr\/?s={search_term_string}\"},\"query-input\":{\"@type\":\"PropertyValueSpecification\",\"valueRequired\":true,\"valueName\":\"search_term_string\"}}],\"inLanguage\":\"fr-FR\"},{\"@type\":\"Organization\",\"@id\":\"https:\/\/brodinbzh-boutique.fr\/#organization\",\"name\":\"Brod&#039;in BZH\",\"url\":\"https:\/\/brodinbzh-boutique.fr\/\",\"logo\":{\"@type\":\"ImageObject\",\"inLanguage\":\"fr-FR\",\"@id\":\"https:\/\/brodinbzh-boutique.fr\/#\/schema\/logo\/image\/\",\"url\":\"https:\/\/brodinbzh-boutique.fr\/wp-content\/uploads\/2020\/10\/cropped-bb-e1617185142758.png\",\"contentUrl\":\"https:\/\/brodinbzh-boutique.fr\/wp-content\/uploads\/2020\/10\/cropped-bb-e1617185142758.png\",\"width\":45,\"height\":45,\"caption\":\"Brod&#039;in BZH\"},\"image\":{\"@id\":\"https:\/\/brodinbzh-boutique.fr\/#\/schema\/logo\/image\/\"}}]}<\/script>\n<!-- \/ Yoast SEO plugin. -->","yoast_head_json":{"title":"Prot\u00e8ge carnet de sant\u00e9 Blanc Prot\u00e8ge carnet de sant\u00e9 Blanc","description":"Une id\u00e9e de cadeau originale qui dure dans le temps et accompagne vos enfants. Les carnet sont Totalement personnalisables","robots":{"index":"index","follow":"follow","max-snippet":"max-snippet:-1","max-image-preview":"max-image-preview:large","max-video-preview":"max-video-preview:-1"},"canonical":"https:\/\/brodinbzh-boutique.fr\/index.php\/produit\/protege-carnet-de-sante-blanc-2\/","og_locale":"fr_FR","og_type":"article","og_title":"Prot\u00e8ge carnet de sant\u00e9 Blanc Prot\u00e8ge carnet de sant\u00e9 Blanc","og_description":"Une id\u00e9e de cadeau originale qui dure dans le temps et accompagne vos enfants. Les carnet sont Totalement personnalisables","og_url":"https:\/\/brodinbzh-boutique.fr\/index.php\/produit\/protege-carnet-de-sante-blanc-2\/","og_site_name":"Brod&#039;in BZH","article_modified_time":"2024-04-30T09:11:18+00:00","og_image":[{"width":500,"height":457,"url":"https:\/\/brodinbzh-boutique.fr\/wp-content\/uploads\/2020\/11\/225.jpg","type":"image\/jpeg"}],"twitter_card":"summary_large_image","twitter_misc":{"Dur\u00e9e de lecture estim\u00e9e":"1 minute"},"schema":{"@context":"https:\/\/schema.org","@graph":[{"@type":"WebPage","@id":"https:\/\/brodinbzh-boutique.fr\/index.php\/produit\/protege-carnet-de-sante-blanc-2\/","url":"https:\/\/brodinbzh-boutique.fr\/index.php\/produit\/protege-carnet-de-sante-blanc-2\/","name":"Prot\u00e8ge carnet de sant\u00e9 Blanc Prot\u00e8ge carnet de sant\u00e9 Blanc","isPartOf":{"@id":"https:\/\/brodinbzh-boutique.fr\/#website"},"primaryImageOfPage":{"@id":"https:\/\/brodinbzh-boutique.fr\/index.php\/produit\/protege-carnet-de-sante-blanc-2\/#primaryimage"},"image":{"@id":"https:\/\/brodinbzh-boutique.fr\/index.php\/produit\/protege-carnet-de-sante-blanc-2\/#primaryimage"},"thumbnailUrl":"https:\/\/brodinbzh-boutique.fr\/wp-content\/uploads\/2020\/11\/225.jpg","datePublished":"2023-04-24T14:45:44+00:00","dateModified":"2024-04-30T09:11:18+00:00","description":"Une id\u00e9e de cadeau originale qui dure dans le temps et accompagne vos enfants. Les carnet sont Totalement personnalisables","breadcrumb":{"@id":"https:\/\/brodinbzh-boutique.fr\/index.php\/produit\/protege-carnet-de-sante-blanc-2\/#breadcrumb"},"inLanguage":"fr-FR","potentialAction":[{"@type":"ReadAction","target":["https:\/\/brodinbzh-boutique.fr\/index.php\/produit\/protege-carnet-de-sante-blanc-2\/"]}]},{"@type":"ImageObject","inLanguage":"fr-FR","@id":"https:\/\/brodinbzh-boutique.fr\/index.php\/produit\/protege-carnet-de-sante-blanc-2\/#primaryimage","url":"https:\/\/brodinbzh-boutique.fr\/wp-content\/uploads\/2020\/11\/225.jpg","contentUrl":"https:\/\/brodinbzh-boutique.fr\/wp-content\/uploads\/2020\/11\/225.jpg","width":500,"height":457},{"@type":"BreadcrumbList","@id":"https:\/\/brodinbzh-boutique.fr\/index.php\/produit\/protege-carnet-de-sante-blanc-2\/#breadcrumb","itemListElement":[{"@type":"ListItem","position":1,"name":"Accueil","item":"https:\/\/brodinbzh-boutique.fr\/"},{"@type":"ListItem","position":2,"name":"Boutique","item":"https:\/\/brodinbzh-boutique.fr\/index.php\/boutique\/"},{"@type":"ListItem","position":3,"name":"Prot\u00e8ge carnet de sant\u00e9 Blanc"}]},{"@type":"WebSite","@id":"https:\/\/brodinbzh-boutique.fr\/#website","url":"https:\/\/brodinbzh-boutique.fr\/","name":"Brod&#039;in BZH","description":"La personnalisation \u00e0 la port\u00e9e de chacun","publisher":{"@id":"https:\/\/brodinbzh-boutique.fr\/#organization"},"potentialAction":[{"@type":"SearchAction","target":{"@type":"EntryPoint","urlTemplate":"https:\/\/brodinbzh-boutique.fr\/?s={search_term_string}"},"query-input":{"@type":"PropertyValueSpecification","valueRequired":true,"valueName":"search_term_string"}}],"inLanguage":"fr-FR"},{"@type":"Organization","@id":"https:\/\/brodinbzh-boutique.fr\/#organization","name":"Brod&#039;in BZH","url":"https:\/\/brodinbzh-boutique.fr\/","logo":{"@type":"ImageObject","inLanguage":"fr-FR","@id":"https:\/\/brodinbzh-boutique.fr\/#\/schema\/logo\/image\/","url":"https:\/\/brodinbzh-boutique.fr\/wp-content\/uploads\/2020\/10\/cropped-bb-e1617185142758.png","contentUrl":"https:\/\/brodinbzh-boutique.fr\/wp-content\/uploads\/2020\/10\/cropped-bb-e1617185142758.png","width":45,"height":45,"caption":"Brod&#039;in BZH"},"image":{"@id":"https:\/\/brodinbzh-boutique.fr\/#\/schema\/logo\/image\/"}}]}},"jetpack_sharing_enabled":true,"_links":{"self":[{"href":"https:\/\/brodinbzh-boutique.fr\/index.php\/wp-json\/wp\/v2\/product\/2432","targetHints":{"allow":["GET"]}}],"collection":[{"href":"https:\/\/brodinbzh-boutique.fr\/index.php\/wp-json\/wp\/v2\/product"}],"about":[{"href":"https:\/\/brodinbzh-boutique.fr\/index.php\/wp-json\/wp\/v2\/types\/product"}],"replies":[{"embeddable":true,"href":"https:\/\/brodinbzh-boutique.fr\/index.php\/wp-json\/wp\/v2\/comments?post=2432"}],"version-history":[{"count":1,"href":"https:\/\/brodinbzh-boutique.fr\/index.php\/wp-json\/wp\/v2\/product\/2432\/revisions"}],"predecessor-version":[{"id":2433,"href":"https:\/\/brodinbzh-boutique.fr\/index.php\/wp-json\/wp\/v2\/product\/2432\/revisions\/2433"}],"wp:featuredmedia":[{"embeddable":true,"href":"https:\/\/brodinbzh-boutique.fr\/index.php\/wp-json\/wp\/v2\/media\/2062"}],"wp:attachment":[{"href":"https:\/\/brodinbzh-boutique.fr\/index.php\/wp-json\/wp\/v2\/media?parent=2432"}],"wp:term":[{"taxonomy":"product_brand","embeddable":true,"href":"https:\/\/brodinbzh-boutique.fr\/index.php\/wp-json\/wp\/v2\/product_brand?post=2432"},{"taxonomy":"product_cat","embeddable":true,"href":"https:\/\/brodinbzh-boutique.fr\/index.php\/wp-json\/wp\/v2\/product_cat?post=2432"},{"taxonomy":"product_tag","embeddable":true,"href":"https:\/\/brodinbzh-boutique.fr\/index.php\/wp-json\/wp\/v2\/product_tag?post=2432"}],"curies":[{"name":"wp","href":"https:\/\/api.w.org\/{rel}","templated":true}]}}