{"id":2434,"date":"2023-04-26T18:38:13","date_gmt":"2023-04-26T16:38:13","guid":{"rendered":"https:\/\/brodinbzh-boutique.fr\/?post_type=product&#038;p=2434"},"modified":"2023-05-09T09:26:28","modified_gmt":"2023-05-09T07:26:28","slug":"coussin-nuage-personnalise","status":"publish","type":"product","link":"https:\/\/brodinbzh-boutique.fr\/index.php\/produit\/coussin-nuage-personnalise\/","title":{"rendered":"Coussin nuage Personnalis\u00e9"},"content":{"rendered":"<p>Si vous recherchez un produit qui attirera l&rsquo;attention de votre b\u00e9b\u00e9 (quel que soit son sexe) et ajoutera de la richesse \u00e0 la chambre de b\u00e9b\u00e9 et \u00e0 la d\u00e9coration de la chambre de b\u00e9b\u00e9, le coussin nuage est fait pour vous !<\/p>\n<p>&#8211; Cadeau parfait pour les b\u00e9b\u00e9s et les enfants!<br \/>\n&#8211; Il\u00a0 est en tissu polaire doux<br \/>\n&#8211; Il est antibact\u00e9rien et tr\u00e8s sain pour les b\u00e9b\u00e9s et les enfants allergiques \u00e0 la poussi\u00e8re, souffrant d&rsquo;asthme et de bronchite.<br \/>\n&#8211; Vous pouvez nettoyer le coussin nuage avec un chiffon humide selon votre pr\u00e9f\u00e9rence. Ou vous pouvez le laver dans la machine \u00e0 laver \u00e0 max. 30\u00b0C\/86\u2109<br \/>\n&#8211; La housse n&rsquo;est pas amovible.<\/p>\n<p>Avec la broderie LOLA coordonn\u00e9 \u00e0 la couverture<\/p>\n","protected":false},"excerpt":{"rendered":"<p>Si vous recherchez un produit qui attirera l&rsquo;attention de votre b\u00e9b\u00e9 (quel que soit son sexe) et ajoutera de la richesse \u00e0 la chambre de b\u00e9b\u00e9 et \u00e0 la d\u00e9coration de la chambre de b\u00e9b\u00e9, le coussin nuage est fait pour vous !<\/p>\n<p>&#8211; Cadeau parfait pour les b\u00e9b\u00e9s et les enfants!<br \/>\n&#8211; Il\u00a0 est en tissu polaire doux<br \/>\n&#8211; Il est antibact\u00e9rien et tr\u00e8s sain pour les b\u00e9b\u00e9s et les enfants allergiques \u00e0 la poussi\u00e8re, souffrant d&rsquo;asthme et de bronchite.<br \/>\n&#8211; Vous pouvez nettoyer le coussin nuage avec un chiffon humide selon votre pr\u00e9f\u00e9rence. Ou vous pouvez le laver dans la machine \u00e0 laver \u00e0 max. 30\u00b0C\/86\u2109<br \/>\n&#8211; La housse n&rsquo;est pas amovible.<\/p>\n","protected":false},"featured_media":2435,"comment_status":"open","ping_status":"closed","template":"","meta":[],"product_brand":[],"product_cat":[85],"product_tag":[],"class_list":{"0":"post-2434","1":"product","2":"type-product","3":"status-publish","4":"has-post-thumbnail","6":"product_cat-liste-de-naissance-pauline","8":"first","9":"instock","10":"purchasable","11":"product-type-simple"},"wcpa_form_fields":null,"yoast_head":"<!-- This site is optimized with the Yoast SEO plugin v25.8 - https:\/\/yoast.com\/wordpress\/plugins\/seo\/ -->\n<title>Coussin nuage Personnalis\u00e9 - Brod&#039;in BZH<\/title>\n<meta name=\"robots\" content=\"index, follow, max-snippet:-1, max-image-preview:large, max-video-preview:-1\" \/>\n<link rel=\"canonical\" href=\"https:\/\/brodinbzh-boutique.fr\/index.php\/produit\/coussin-nuage-personnalise\/\" \/>\n<meta property=\"og:locale\" content=\"fr_FR\" \/>\n<meta property=\"og:type\" content=\"article\" \/>\n<meta property=\"og:title\" content=\"Coussin nuage Personnalis\u00e9 - Brod&#039;in BZH\" \/>\n<meta property=\"og:description\" content=\"Si vous recherchez un produit qui attirera l&#039;attention de votre b\u00e9b\u00e9 (quel que soit son sexe) et ajoutera de la richesse \u00e0 la chambre de b\u00e9b\u00e9 et \u00e0 la d\u00e9coration de la chambre de b\u00e9b\u00e9, le coussin nuage est fait pour vous !  - Cadeau parfait pour les b\u00e9b\u00e9s et les enfants! - Il\u00a0 est en tissu polaire doux - Il est antibact\u00e9rien et tr\u00e8s sain pour les b\u00e9b\u00e9s et les enfants allergiques \u00e0 la poussi\u00e8re, souffrant d&#039;asthme et de bronchite. - Vous pouvez nettoyer le coussin nuage avec un chiffon humide selon votre pr\u00e9f\u00e9rence. Ou vous pouvez le laver dans la machine \u00e0 laver \u00e0 max. 30\u00b0C\/86\u2109 - La housse n&#039;est pas amovible.\" \/>\n<meta property=\"og:url\" content=\"https:\/\/brodinbzh-boutique.fr\/index.php\/produit\/coussin-nuage-personnalise\/\" \/>\n<meta property=\"og:site_name\" content=\"Brod&#039;in BZH\" \/>\n<meta property=\"article:modified_time\" content=\"2023-05-09T07:26:28+00:00\" \/>\n<meta property=\"og:image\" content=\"https:\/\/brodinbzh-boutique.fr\/wp-content\/uploads\/2023\/04\/coussin-nuage.png\" \/>\n\t<meta property=\"og:image:width\" content=\"604\" \/>\n\t<meta property=\"og:image:height\" content=\"454\" \/>\n\t<meta property=\"og:image:type\" content=\"image\/png\" \/>\n<meta name=\"twitter:card\" content=\"summary_large_image\" \/>\n<meta name=\"twitter:label1\" content=\"Dur\u00e9e de lecture estim\u00e9e\" \/>\n\t<meta name=\"twitter:data1\" content=\"1 minute\" \/>\n<script type=\"application\/ld+json\" class=\"yoast-schema-graph\">{\"@context\":\"https:\/\/schema.org\",\"@graph\":[{\"@type\":\"WebPage\",\"@id\":\"https:\/\/brodinbzh-boutique.fr\/index.php\/produit\/coussin-nuage-personnalise\/\",\"url\":\"https:\/\/brodinbzh-boutique.fr\/index.php\/produit\/coussin-nuage-personnalise\/\",\"name\":\"Coussin nuage Personnalis\u00e9 - Brod&#039;in BZH\",\"isPartOf\":{\"@id\":\"https:\/\/brodinbzh-boutique.fr\/#website\"},\"primaryImageOfPage\":{\"@id\":\"https:\/\/brodinbzh-boutique.fr\/index.php\/produit\/coussin-nuage-personnalise\/#primaryimage\"},\"image\":{\"@id\":\"https:\/\/brodinbzh-boutique.fr\/index.php\/produit\/coussin-nuage-personnalise\/#primaryimage\"},\"thumbnailUrl\":\"https:\/\/brodinbzh-boutique.fr\/wp-content\/uploads\/2023\/04\/coussin-nuage.png\",\"datePublished\":\"2023-04-26T16:38:13+00:00\",\"dateModified\":\"2023-05-09T07:26:28+00:00\",\"breadcrumb\":{\"@id\":\"https:\/\/brodinbzh-boutique.fr\/index.php\/produit\/coussin-nuage-personnalise\/#breadcrumb\"},\"inLanguage\":\"fr-FR\",\"potentialAction\":[{\"@type\":\"ReadAction\",\"target\":[\"https:\/\/brodinbzh-boutique.fr\/index.php\/produit\/coussin-nuage-personnalise\/\"]}]},{\"@type\":\"ImageObject\",\"inLanguage\":\"fr-FR\",\"@id\":\"https:\/\/brodinbzh-boutique.fr\/index.php\/produit\/coussin-nuage-personnalise\/#primaryimage\",\"url\":\"https:\/\/brodinbzh-boutique.fr\/wp-content\/uploads\/2023\/04\/coussin-nuage.png\",\"contentUrl\":\"https:\/\/brodinbzh-boutique.fr\/wp-content\/uploads\/2023\/04\/coussin-nuage.png\",\"width\":604,\"height\":454},{\"@type\":\"BreadcrumbList\",\"@id\":\"https:\/\/brodinbzh-boutique.fr\/index.php\/produit\/coussin-nuage-personnalise\/#breadcrumb\",\"itemListElement\":[{\"@type\":\"ListItem\",\"position\":1,\"name\":\"Accueil\",\"item\":\"https:\/\/brodinbzh-boutique.fr\/\"},{\"@type\":\"ListItem\",\"position\":2,\"name\":\"Boutique\",\"item\":\"https:\/\/brodinbzh-boutique.fr\/index.php\/boutique\/\"},{\"@type\":\"ListItem\",\"position\":3,\"name\":\"Coussin nuage Personnalis\u00e9\"}]},{\"@type\":\"WebSite\",\"@id\":\"https:\/\/brodinbzh-boutique.fr\/#website\",\"url\":\"https:\/\/brodinbzh-boutique.fr\/\",\"name\":\"Brod&#039;in BZH\",\"description\":\"La personnalisation \u00e0 la port\u00e9e de chacun\",\"publisher\":{\"@id\":\"https:\/\/brodinbzh-boutique.fr\/#organization\"},\"potentialAction\":[{\"@type\":\"SearchAction\",\"target\":{\"@type\":\"EntryPoint\",\"urlTemplate\":\"https:\/\/brodinbzh-boutique.fr\/?s={search_term_string}\"},\"query-input\":{\"@type\":\"PropertyValueSpecification\",\"valueRequired\":true,\"valueName\":\"search_term_string\"}}],\"inLanguage\":\"fr-FR\"},{\"@type\":\"Organization\",\"@id\":\"https:\/\/brodinbzh-boutique.fr\/#organization\",\"name\":\"Brod&#039;in BZH\",\"url\":\"https:\/\/brodinbzh-boutique.fr\/\",\"logo\":{\"@type\":\"ImageObject\",\"inLanguage\":\"fr-FR\",\"@id\":\"https:\/\/brodinbzh-boutique.fr\/#\/schema\/logo\/image\/\",\"url\":\"https:\/\/brodinbzh-boutique.fr\/wp-content\/uploads\/2020\/10\/cropped-bb-e1617185142758.png\",\"contentUrl\":\"https:\/\/brodinbzh-boutique.fr\/wp-content\/uploads\/2020\/10\/cropped-bb-e1617185142758.png\",\"width\":45,\"height\":45,\"caption\":\"Brod&#039;in BZH\"},\"image\":{\"@id\":\"https:\/\/brodinbzh-boutique.fr\/#\/schema\/logo\/image\/\"}}]}<\/script>\n<!-- \/ Yoast SEO plugin. -->","yoast_head_json":{"title":"Coussin nuage Personnalis\u00e9 - Brod&#039;in BZH","robots":{"index":"index","follow":"follow","max-snippet":"max-snippet:-1","max-image-preview":"max-image-preview:large","max-video-preview":"max-video-preview:-1"},"canonical":"https:\/\/brodinbzh-boutique.fr\/index.php\/produit\/coussin-nuage-personnalise\/","og_locale":"fr_FR","og_type":"article","og_title":"Coussin nuage Personnalis\u00e9 - Brod&#039;in BZH","og_description":"Si vous recherchez un produit qui attirera l'attention de votre b\u00e9b\u00e9 (quel que soit son sexe) et ajoutera de la richesse \u00e0 la chambre de b\u00e9b\u00e9 et \u00e0 la d\u00e9coration de la chambre de b\u00e9b\u00e9, le coussin nuage est fait pour vous !  - Cadeau parfait pour les b\u00e9b\u00e9s et les enfants! - Il\u00a0 est en tissu polaire doux - Il est antibact\u00e9rien et tr\u00e8s sain pour les b\u00e9b\u00e9s et les enfants allergiques \u00e0 la poussi\u00e8re, souffrant d'asthme et de bronchite. - Vous pouvez nettoyer le coussin nuage avec un chiffon humide selon votre pr\u00e9f\u00e9rence. Ou vous pouvez le laver dans la machine \u00e0 laver \u00e0 max. 30\u00b0C\/86\u2109 - La housse n'est pas amovible.","og_url":"https:\/\/brodinbzh-boutique.fr\/index.php\/produit\/coussin-nuage-personnalise\/","og_site_name":"Brod&#039;in BZH","article_modified_time":"2023-05-09T07:26:28+00:00","og_image":[{"width":604,"height":454,"url":"https:\/\/brodinbzh-boutique.fr\/wp-content\/uploads\/2023\/04\/coussin-nuage.png","type":"image\/png"}],"twitter_card":"summary_large_image","twitter_misc":{"Dur\u00e9e de lecture estim\u00e9e":"1 minute"},"schema":{"@context":"https:\/\/schema.org","@graph":[{"@type":"WebPage","@id":"https:\/\/brodinbzh-boutique.fr\/index.php\/produit\/coussin-nuage-personnalise\/","url":"https:\/\/brodinbzh-boutique.fr\/index.php\/produit\/coussin-nuage-personnalise\/","name":"Coussin nuage Personnalis\u00e9 - Brod&#039;in BZH","isPartOf":{"@id":"https:\/\/brodinbzh-boutique.fr\/#website"},"primaryImageOfPage":{"@id":"https:\/\/brodinbzh-boutique.fr\/index.php\/produit\/coussin-nuage-personnalise\/#primaryimage"},"image":{"@id":"https:\/\/brodinbzh-boutique.fr\/index.php\/produit\/coussin-nuage-personnalise\/#primaryimage"},"thumbnailUrl":"https:\/\/brodinbzh-boutique.fr\/wp-content\/uploads\/2023\/04\/coussin-nuage.png","datePublished":"2023-04-26T16:38:13+00:00","dateModified":"2023-05-09T07:26:28+00:00","breadcrumb":{"@id":"https:\/\/brodinbzh-boutique.fr\/index.php\/produit\/coussin-nuage-personnalise\/#breadcrumb"},"inLanguage":"fr-FR","potentialAction":[{"@type":"ReadAction","target":["https:\/\/brodinbzh-boutique.fr\/index.php\/produit\/coussin-nuage-personnalise\/"]}]},{"@type":"ImageObject","inLanguage":"fr-FR","@id":"https:\/\/brodinbzh-boutique.fr\/index.php\/produit\/coussin-nuage-personnalise\/#primaryimage","url":"https:\/\/brodinbzh-boutique.fr\/wp-content\/uploads\/2023\/04\/coussin-nuage.png","contentUrl":"https:\/\/brodinbzh-boutique.fr\/wp-content\/uploads\/2023\/04\/coussin-nuage.png","width":604,"height":454},{"@type":"BreadcrumbList","@id":"https:\/\/brodinbzh-boutique.fr\/index.php\/produit\/coussin-nuage-personnalise\/#breadcrumb","itemListElement":[{"@type":"ListItem","position":1,"name":"Accueil","item":"https:\/\/brodinbzh-boutique.fr\/"},{"@type":"ListItem","position":2,"name":"Boutique","item":"https:\/\/brodinbzh-boutique.fr\/index.php\/boutique\/"},{"@type":"ListItem","position":3,"name":"Coussin nuage Personnalis\u00e9"}]},{"@type":"WebSite","@id":"https:\/\/brodinbzh-boutique.fr\/#website","url":"https:\/\/brodinbzh-boutique.fr\/","name":"Brod&#039;in BZH","description":"La personnalisation \u00e0 la port\u00e9e de chacun","publisher":{"@id":"https:\/\/brodinbzh-boutique.fr\/#organization"},"potentialAction":[{"@type":"SearchAction","target":{"@type":"EntryPoint","urlTemplate":"https:\/\/brodinbzh-boutique.fr\/?s={search_term_string}"},"query-input":{"@type":"PropertyValueSpecification","valueRequired":true,"valueName":"search_term_string"}}],"inLanguage":"fr-FR"},{"@type":"Organization","@id":"https:\/\/brodinbzh-boutique.fr\/#organization","name":"Brod&#039;in BZH","url":"https:\/\/brodinbzh-boutique.fr\/","logo":{"@type":"ImageObject","inLanguage":"fr-FR","@id":"https:\/\/brodinbzh-boutique.fr\/#\/schema\/logo\/image\/","url":"https:\/\/brodinbzh-boutique.fr\/wp-content\/uploads\/2020\/10\/cropped-bb-e1617185142758.png","contentUrl":"https:\/\/brodinbzh-boutique.fr\/wp-content\/uploads\/2020\/10\/cropped-bb-e1617185142758.png","width":45,"height":45,"caption":"Brod&#039;in BZH"},"image":{"@id":"https:\/\/brodinbzh-boutique.fr\/#\/schema\/logo\/image\/"}}]}},"jetpack_sharing_enabled":true,"_links":{"self":[{"href":"https:\/\/brodinbzh-boutique.fr\/index.php\/wp-json\/wp\/v2\/product\/2434","targetHints":{"allow":["GET"]}}],"collection":[{"href":"https:\/\/brodinbzh-boutique.fr\/index.php\/wp-json\/wp\/v2\/product"}],"about":[{"href":"https:\/\/brodinbzh-boutique.fr\/index.php\/wp-json\/wp\/v2\/types\/product"}],"replies":[{"embeddable":true,"href":"https:\/\/brodinbzh-boutique.fr\/index.php\/wp-json\/wp\/v2\/comments?post=2434"}],"version-history":[{"count":2,"href":"https:\/\/brodinbzh-boutique.fr\/index.php\/wp-json\/wp\/v2\/product\/2434\/revisions"}],"predecessor-version":[{"id":2437,"href":"https:\/\/brodinbzh-boutique.fr\/index.php\/wp-json\/wp\/v2\/product\/2434\/revisions\/2437"}],"wp:featuredmedia":[{"embeddable":true,"href":"https:\/\/brodinbzh-boutique.fr\/index.php\/wp-json\/wp\/v2\/media\/2435"}],"wp:attachment":[{"href":"https:\/\/brodinbzh-boutique.fr\/index.php\/wp-json\/wp\/v2\/media?parent=2434"}],"wp:term":[{"taxonomy":"product_brand","embeddable":true,"href":"https:\/\/brodinbzh-boutique.fr\/index.php\/wp-json\/wp\/v2\/product_brand?post=2434"},{"taxonomy":"product_cat","embeddable":true,"href":"https:\/\/brodinbzh-boutique.fr\/index.php\/wp-json\/wp\/v2\/product_cat?post=2434"},{"taxonomy":"product_tag","embeddable":true,"href":"https:\/\/brodinbzh-boutique.fr\/index.php\/wp-json\/wp\/v2\/product_tag?post=2434"}],"curies":[{"name":"wp","href":"https:\/\/api.w.org\/{rel}","templated":true}]}}