{"id":2449,"date":"2023-06-22T13:03:58","date_gmt":"2023-06-22T11:03:58","guid":{"rendered":"https:\/\/brodinbzh-boutique.fr\/?post_type=product&#038;p=2449"},"modified":"2023-06-22T13:16:07","modified_gmt":"2023-06-22T11:16:07","slug":"attache-tetine-copie","status":"publish","type":"product","link":"https:\/\/brodinbzh-boutique.fr\/index.php\/produit\/attache-tetine-copie\/","title":{"rendered":"Attache t\u00e9tine personnalis\u00e9"},"content":{"rendered":"<p>Accroche t\u00e9tine avec broderie, il a 2 oreilles, et de petites mains.<\/p>\n<p>Cette attache t\u00e9tine est le compromis id\u00e9al entre l\u2019attache classique et le doudou de compagnie.<\/p>\n<p>R\u00e9alis\u00e9 avec un tissu double gaze en coton oeko-tex, et d\u2019un tissu coton dans les oreil, un clip, pressions en r\u00e9sine<\/p>\n<p>motif LOLA<\/p>\n<p>Il sera facilement attrapable par de toutes petites mains et surtout tr\u00e8s facile \u00e0 c\u00e2liner !<\/p>\n<p>Vendu sans t\u00e9tine<\/p>\n<p>Id\u00e9al pour cadeau de naissance, un anniversaire ou pour No\u00ebl.<\/p>\n","protected":false},"excerpt":{"rendered":"<p>Il sera facilement attrapable par de toutes petites mains et surtout tr\u00e8s facile \u00e0 c\u00e2liner !<\/p>\n<p>Vendu sans t\u00e9tine<\/p>\n<p>Id\u00e9al pour cadeau de naissance, un anniversaire ou pour No\u00ebl.<\/p>\n","protected":false},"featured_media":2442,"comment_status":"open","ping_status":"closed","template":"","meta":[],"product_brand":[],"product_cat":[29],"product_tag":[],"class_list":{"0":"post-2449","1":"product","2":"type-product","3":"status-publish","4":"has-post-thumbnail","6":"product_cat-pour-les-petits","8":"first","9":"instock","10":"purchasable","11":"product-type-simple"},"wcpa_form_fields":null,"yoast_head":"<!-- This site is optimized with the Yoast SEO plugin v25.8 - https:\/\/yoast.com\/wordpress\/plugins\/seo\/ -->\n<title>Attache t\u00e9tine personnalis\u00e9 - Brod&#039;in BZH<\/title>\n<meta name=\"robots\" content=\"index, follow, max-snippet:-1, max-image-preview:large, max-video-preview:-1\" \/>\n<link rel=\"canonical\" href=\"https:\/\/brodinbzh-boutique.fr\/index.php\/produit\/attache-tetine-copie\/\" \/>\n<meta property=\"og:locale\" content=\"fr_FR\" \/>\n<meta property=\"og:type\" content=\"article\" \/>\n<meta property=\"og:title\" content=\"Attache t\u00e9tine personnalis\u00e9 - Brod&#039;in BZH\" \/>\n<meta property=\"og:description\" content=\"Il sera facilement attrapable par de toutes petites mains et surtout tr\u00e8s facile \u00e0 c\u00e2liner !  Vendu sans t\u00e9tine  Id\u00e9al pour cadeau de naissance, un anniversaire ou pour No\u00ebl.\" \/>\n<meta property=\"og:url\" content=\"https:\/\/brodinbzh-boutique.fr\/index.php\/produit\/attache-tetine-copie\/\" \/>\n<meta property=\"og:site_name\" content=\"Brod&#039;in BZH\" \/>\n<meta property=\"article:modified_time\" content=\"2023-06-22T11:16:07+00:00\" \/>\n<meta property=\"og:image\" content=\"https:\/\/brodinbzh-boutique.fr\/wp-content\/uploads\/2023\/04\/atache2.png\" \/>\n\t<meta property=\"og:image:width\" content=\"471\" \/>\n\t<meta property=\"og:image:height\" content=\"432\" \/>\n\t<meta property=\"og:image:type\" content=\"image\/png\" \/>\n<meta name=\"twitter:card\" content=\"summary_large_image\" \/>\n<meta name=\"twitter:label1\" content=\"Dur\u00e9e de lecture estim\u00e9e\" \/>\n\t<meta name=\"twitter:data1\" content=\"1 minute\" \/>\n<script type=\"application\/ld+json\" class=\"yoast-schema-graph\">{\"@context\":\"https:\/\/schema.org\",\"@graph\":[{\"@type\":\"WebPage\",\"@id\":\"https:\/\/brodinbzh-boutique.fr\/index.php\/produit\/attache-tetine-copie\/\",\"url\":\"https:\/\/brodinbzh-boutique.fr\/index.php\/produit\/attache-tetine-copie\/\",\"name\":\"Attache t\u00e9tine personnalis\u00e9 - Brod&#039;in BZH\",\"isPartOf\":{\"@id\":\"https:\/\/brodinbzh-boutique.fr\/#website\"},\"primaryImageOfPage\":{\"@id\":\"https:\/\/brodinbzh-boutique.fr\/index.php\/produit\/attache-tetine-copie\/#primaryimage\"},\"image\":{\"@id\":\"https:\/\/brodinbzh-boutique.fr\/index.php\/produit\/attache-tetine-copie\/#primaryimage\"},\"thumbnailUrl\":\"https:\/\/brodinbzh-boutique.fr\/wp-content\/uploads\/2023\/04\/atache2.png\",\"datePublished\":\"2023-06-22T11:03:58+00:00\",\"dateModified\":\"2023-06-22T11:16:07+00:00\",\"breadcrumb\":{\"@id\":\"https:\/\/brodinbzh-boutique.fr\/index.php\/produit\/attache-tetine-copie\/#breadcrumb\"},\"inLanguage\":\"fr-FR\",\"potentialAction\":[{\"@type\":\"ReadAction\",\"target\":[\"https:\/\/brodinbzh-boutique.fr\/index.php\/produit\/attache-tetine-copie\/\"]}]},{\"@type\":\"ImageObject\",\"inLanguage\":\"fr-FR\",\"@id\":\"https:\/\/brodinbzh-boutique.fr\/index.php\/produit\/attache-tetine-copie\/#primaryimage\",\"url\":\"https:\/\/brodinbzh-boutique.fr\/wp-content\/uploads\/2023\/04\/atache2.png\",\"contentUrl\":\"https:\/\/brodinbzh-boutique.fr\/wp-content\/uploads\/2023\/04\/atache2.png\",\"width\":471,\"height\":432},{\"@type\":\"BreadcrumbList\",\"@id\":\"https:\/\/brodinbzh-boutique.fr\/index.php\/produit\/attache-tetine-copie\/#breadcrumb\",\"itemListElement\":[{\"@type\":\"ListItem\",\"position\":1,\"name\":\"Accueil\",\"item\":\"https:\/\/brodinbzh-boutique.fr\/\"},{\"@type\":\"ListItem\",\"position\":2,\"name\":\"Boutique\",\"item\":\"https:\/\/brodinbzh-boutique.fr\/index.php\/boutique\/\"},{\"@type\":\"ListItem\",\"position\":3,\"name\":\"Attache t\u00e9tine personnalis\u00e9\"}]},{\"@type\":\"WebSite\",\"@id\":\"https:\/\/brodinbzh-boutique.fr\/#website\",\"url\":\"https:\/\/brodinbzh-boutique.fr\/\",\"name\":\"Brod&#039;in BZH\",\"description\":\"La personnalisation \u00e0 la port\u00e9e de chacun\",\"publisher\":{\"@id\":\"https:\/\/brodinbzh-boutique.fr\/#organization\"},\"potentialAction\":[{\"@type\":\"SearchAction\",\"target\":{\"@type\":\"EntryPoint\",\"urlTemplate\":\"https:\/\/brodinbzh-boutique.fr\/?s={search_term_string}\"},\"query-input\":{\"@type\":\"PropertyValueSpecification\",\"valueRequired\":true,\"valueName\":\"search_term_string\"}}],\"inLanguage\":\"fr-FR\"},{\"@type\":\"Organization\",\"@id\":\"https:\/\/brodinbzh-boutique.fr\/#organization\",\"name\":\"Brod&#039;in BZH\",\"url\":\"https:\/\/brodinbzh-boutique.fr\/\",\"logo\":{\"@type\":\"ImageObject\",\"inLanguage\":\"fr-FR\",\"@id\":\"https:\/\/brodinbzh-boutique.fr\/#\/schema\/logo\/image\/\",\"url\":\"https:\/\/brodinbzh-boutique.fr\/wp-content\/uploads\/2020\/10\/cropped-bb-e1617185142758.png\",\"contentUrl\":\"https:\/\/brodinbzh-boutique.fr\/wp-content\/uploads\/2020\/10\/cropped-bb-e1617185142758.png\",\"width\":45,\"height\":45,\"caption\":\"Brod&#039;in BZH\"},\"image\":{\"@id\":\"https:\/\/brodinbzh-boutique.fr\/#\/schema\/logo\/image\/\"}}]}<\/script>\n<!-- \/ Yoast SEO plugin. -->","yoast_head_json":{"title":"Attache t\u00e9tine personnalis\u00e9 - Brod&#039;in BZH","robots":{"index":"index","follow":"follow","max-snippet":"max-snippet:-1","max-image-preview":"max-image-preview:large","max-video-preview":"max-video-preview:-1"},"canonical":"https:\/\/brodinbzh-boutique.fr\/index.php\/produit\/attache-tetine-copie\/","og_locale":"fr_FR","og_type":"article","og_title":"Attache t\u00e9tine personnalis\u00e9 - Brod&#039;in BZH","og_description":"Il sera facilement attrapable par de toutes petites mains et surtout tr\u00e8s facile \u00e0 c\u00e2liner !  Vendu sans t\u00e9tine  Id\u00e9al pour cadeau de naissance, un anniversaire ou pour No\u00ebl.","og_url":"https:\/\/brodinbzh-boutique.fr\/index.php\/produit\/attache-tetine-copie\/","og_site_name":"Brod&#039;in BZH","article_modified_time":"2023-06-22T11:16:07+00:00","og_image":[{"width":471,"height":432,"url":"https:\/\/brodinbzh-boutique.fr\/wp-content\/uploads\/2023\/04\/atache2.png","type":"image\/png"}],"twitter_card":"summary_large_image","twitter_misc":{"Dur\u00e9e de lecture estim\u00e9e":"1 minute"},"schema":{"@context":"https:\/\/schema.org","@graph":[{"@type":"WebPage","@id":"https:\/\/brodinbzh-boutique.fr\/index.php\/produit\/attache-tetine-copie\/","url":"https:\/\/brodinbzh-boutique.fr\/index.php\/produit\/attache-tetine-copie\/","name":"Attache t\u00e9tine personnalis\u00e9 - Brod&#039;in BZH","isPartOf":{"@id":"https:\/\/brodinbzh-boutique.fr\/#website"},"primaryImageOfPage":{"@id":"https:\/\/brodinbzh-boutique.fr\/index.php\/produit\/attache-tetine-copie\/#primaryimage"},"image":{"@id":"https:\/\/brodinbzh-boutique.fr\/index.php\/produit\/attache-tetine-copie\/#primaryimage"},"thumbnailUrl":"https:\/\/brodinbzh-boutique.fr\/wp-content\/uploads\/2023\/04\/atache2.png","datePublished":"2023-06-22T11:03:58+00:00","dateModified":"2023-06-22T11:16:07+00:00","breadcrumb":{"@id":"https:\/\/brodinbzh-boutique.fr\/index.php\/produit\/attache-tetine-copie\/#breadcrumb"},"inLanguage":"fr-FR","potentialAction":[{"@type":"ReadAction","target":["https:\/\/brodinbzh-boutique.fr\/index.php\/produit\/attache-tetine-copie\/"]}]},{"@type":"ImageObject","inLanguage":"fr-FR","@id":"https:\/\/brodinbzh-boutique.fr\/index.php\/produit\/attache-tetine-copie\/#primaryimage","url":"https:\/\/brodinbzh-boutique.fr\/wp-content\/uploads\/2023\/04\/atache2.png","contentUrl":"https:\/\/brodinbzh-boutique.fr\/wp-content\/uploads\/2023\/04\/atache2.png","width":471,"height":432},{"@type":"BreadcrumbList","@id":"https:\/\/brodinbzh-boutique.fr\/index.php\/produit\/attache-tetine-copie\/#breadcrumb","itemListElement":[{"@type":"ListItem","position":1,"name":"Accueil","item":"https:\/\/brodinbzh-boutique.fr\/"},{"@type":"ListItem","position":2,"name":"Boutique","item":"https:\/\/brodinbzh-boutique.fr\/index.php\/boutique\/"},{"@type":"ListItem","position":3,"name":"Attache t\u00e9tine personnalis\u00e9"}]},{"@type":"WebSite","@id":"https:\/\/brodinbzh-boutique.fr\/#website","url":"https:\/\/brodinbzh-boutique.fr\/","name":"Brod&#039;in BZH","description":"La personnalisation \u00e0 la port\u00e9e de chacun","publisher":{"@id":"https:\/\/brodinbzh-boutique.fr\/#organization"},"potentialAction":[{"@type":"SearchAction","target":{"@type":"EntryPoint","urlTemplate":"https:\/\/brodinbzh-boutique.fr\/?s={search_term_string}"},"query-input":{"@type":"PropertyValueSpecification","valueRequired":true,"valueName":"search_term_string"}}],"inLanguage":"fr-FR"},{"@type":"Organization","@id":"https:\/\/brodinbzh-boutique.fr\/#organization","name":"Brod&#039;in BZH","url":"https:\/\/brodinbzh-boutique.fr\/","logo":{"@type":"ImageObject","inLanguage":"fr-FR","@id":"https:\/\/brodinbzh-boutique.fr\/#\/schema\/logo\/image\/","url":"https:\/\/brodinbzh-boutique.fr\/wp-content\/uploads\/2020\/10\/cropped-bb-e1617185142758.png","contentUrl":"https:\/\/brodinbzh-boutique.fr\/wp-content\/uploads\/2020\/10\/cropped-bb-e1617185142758.png","width":45,"height":45,"caption":"Brod&#039;in BZH"},"image":{"@id":"https:\/\/brodinbzh-boutique.fr\/#\/schema\/logo\/image\/"}}]}},"jetpack_sharing_enabled":true,"_links":{"self":[{"href":"https:\/\/brodinbzh-boutique.fr\/index.php\/wp-json\/wp\/v2\/product\/2449","targetHints":{"allow":["GET"]}}],"collection":[{"href":"https:\/\/brodinbzh-boutique.fr\/index.php\/wp-json\/wp\/v2\/product"}],"about":[{"href":"https:\/\/brodinbzh-boutique.fr\/index.php\/wp-json\/wp\/v2\/types\/product"}],"replies":[{"embeddable":true,"href":"https:\/\/brodinbzh-boutique.fr\/index.php\/wp-json\/wp\/v2\/comments?post=2449"}],"version-history":[{"count":2,"href":"https:\/\/brodinbzh-boutique.fr\/index.php\/wp-json\/wp\/v2\/product\/2449\/revisions"}],"predecessor-version":[{"id":2451,"href":"https:\/\/brodinbzh-boutique.fr\/index.php\/wp-json\/wp\/v2\/product\/2449\/revisions\/2451"}],"wp:featuredmedia":[{"embeddable":true,"href":"https:\/\/brodinbzh-boutique.fr\/index.php\/wp-json\/wp\/v2\/media\/2442"}],"wp:attachment":[{"href":"https:\/\/brodinbzh-boutique.fr\/index.php\/wp-json\/wp\/v2\/media?parent=2449"}],"wp:term":[{"taxonomy":"product_brand","embeddable":true,"href":"https:\/\/brodinbzh-boutique.fr\/index.php\/wp-json\/wp\/v2\/product_brand?post=2449"},{"taxonomy":"product_cat","embeddable":true,"href":"https:\/\/brodinbzh-boutique.fr\/index.php\/wp-json\/wp\/v2\/product_cat?post=2449"},{"taxonomy":"product_tag","embeddable":true,"href":"https:\/\/brodinbzh-boutique.fr\/index.php\/wp-json\/wp\/v2\/product_tag?post=2449"}],"curies":[{"name":"wp","href":"https:\/\/api.w.org\/{rel}","templated":true}]}}