{"id":2581,"date":"2024-04-29T16:03:51","date_gmt":"2024-04-29T14:03:51","guid":{"rendered":"https:\/\/brodinbzh-boutique.fr\/?post_type=product&#038;p=2581"},"modified":"2025-04-13T01:52:27","modified_gmt":"2025-04-12T23:52:27","slug":"t-shirt-femme-in-kouig-namann","status":"publish","type":"product","link":"https:\/\/brodinbzh-boutique.fr\/index.php\/produit\/t-shirt-femme-in-kouig-namann\/","title":{"rendered":"T-shirt femme \u00ab\u00a0In Kouig namann\u00a0\u00bb"},"content":{"rendered":"<h1 class=\"col col-9\">T-shirt INSPIRE V T \/women<\/h1>\n<div class=\"product-infos\">\n<p><label>Description<\/label><\/p>\n<div class=\"content\">140 g \/ m\u00b2 100% coton biologique, peign\u00e9 ring-spun Jersey simple Fin bord c\u00f4te au col en V Bande de propret\u00e9 Double couture aux manches et \u00e0 l ourlet Coutures lat\u00e9rales Pas d \u00e9tiquette<\/div>\n<\/div>\n<div class=\"product-infos\">\n<p><label>Tailles<\/label><\/p>\n<div class=\"content\">XS &#8211; S &#8211; M &#8211; L &#8211; XL &#8211; XXL<\/div>\n<\/div>\n<p>&nbsp;<\/p>\n<div class=\"infos\">\n<div class=\"product-infos\">\n<div><\/div>\n<\/div>\n<\/div>\n","protected":false},"excerpt":{"rendered":"<p>T-shirt femme marquage \u00ab\u00a0In Kouig namann\u00a0\u00bb<\/p>\n<p>IMPRIMEZ votre diff\u00e9rence<\/p>\n<p>Notre t-shirt est compos\u00e9 de 100% coton biologique fil\u00e9 peign\u00e9. Il a un grammage de 140g\/m2, ce qui en fait un t-shirt de qualit\u00e9 qui vous suivra de longues ann\u00e9es. IL es \u00e0 porter l\u00e9g\u00e8rement rentr\u00e9 dans le pantalon pour une d\u00e9gaine parfaite !<\/p>\n<p>Ce t-shirt sera produit \u00e0 la commande a votre atelier de Plum\u00e9liau<\/p>\n<p>&nbsp;<\/p>\n<p>&nbsp;<\/p>\n<p>&nbsp;<\/p>\n","protected":false},"featured_media":2588,"comment_status":"open","ping_status":"closed","template":"","meta":[],"product_brand":[],"product_cat":[15,93,25],"product_tag":[],"class_list":{"0":"post-2581","1":"product","2":"type-product","3":"status-publish","4":"has-post-thumbnail","6":"product_cat-a-la-une","7":"product_cat-femme","8":"product_cat-pour-les-grands","10":"first","11":"instock","12":"purchasable","13":"product-type-variable"},"wcpa_form_fields":null,"yoast_head":"<!-- This site is optimized with the Yoast SEO plugin v25.8 - https:\/\/yoast.com\/wordpress\/plugins\/seo\/ -->\n<title>T-shirt femme &quot;In Kouig namann&quot; - Brod&#039;in BZH<\/title>\n<meta name=\"robots\" content=\"index, follow, max-snippet:-1, max-image-preview:large, max-video-preview:-1\" \/>\n<link rel=\"canonical\" href=\"https:\/\/brodinbzh-boutique.fr\/index.php\/produit\/t-shirt-femme-in-kouig-namann\/\" \/>\n<meta property=\"og:locale\" content=\"fr_FR\" \/>\n<meta property=\"og:type\" content=\"article\" \/>\n<meta property=\"og:title\" content=\"T-shirt femme &quot;In Kouig namann&quot; - Brod&#039;in BZH\" \/>\n<meta property=\"og:description\" content=\"T-shirt femme marquage &quot;In Kouig namann&quot;  IMPRIMEZ votre diff\u00e9rence  Notre t-shirt est compos\u00e9 de 100% coton biologique fil\u00e9 peign\u00e9. Il a un grammage de 140g\/m2, ce qui en fait un t-shirt de qualit\u00e9 qui vous suivra de longues ann\u00e9es. IL es \u00e0 porter l\u00e9g\u00e8rement rentr\u00e9 dans le pantalon pour une d\u00e9gaine parfaite !  Ce t-shirt sera produit \u00e0 la commande a votre atelier de Plum\u00e9liau  &nbsp;  &nbsp;  &nbsp;\" \/>\n<meta property=\"og:url\" content=\"https:\/\/brodinbzh-boutique.fr\/index.php\/produit\/t-shirt-femme-in-kouig-namann\/\" \/>\n<meta property=\"og:site_name\" content=\"Brod&#039;in BZH\" \/>\n<meta property=\"article:modified_time\" content=\"2025-04-12T23:52:27+00:00\" \/>\n<meta property=\"og:image\" content=\"https:\/\/brodinbzh-boutique.fr\/wp-content\/uploads\/2024\/04\/Capture-decran-2024-04-29-161641.png\" \/>\n\t<meta property=\"og:image:width\" content=\"748\" \/>\n\t<meta property=\"og:image:height\" content=\"887\" \/>\n\t<meta property=\"og:image:type\" content=\"image\/png\" \/>\n<meta name=\"twitter:card\" content=\"summary_large_image\" \/>\n<meta name=\"twitter:label1\" content=\"Dur\u00e9e de lecture estim\u00e9e\" \/>\n\t<meta name=\"twitter:data1\" content=\"1 minute\" \/>\n<script type=\"application\/ld+json\" class=\"yoast-schema-graph\">{\"@context\":\"https:\/\/schema.org\",\"@graph\":[{\"@type\":\"WebPage\",\"@id\":\"https:\/\/brodinbzh-boutique.fr\/index.php\/produit\/t-shirt-femme-in-kouig-namann\/\",\"url\":\"https:\/\/brodinbzh-boutique.fr\/index.php\/produit\/t-shirt-femme-in-kouig-namann\/\",\"name\":\"T-shirt femme \\\"In Kouig namann\\\" - Brod&#039;in BZH\",\"isPartOf\":{\"@id\":\"https:\/\/brodinbzh-boutique.fr\/#website\"},\"primaryImageOfPage\":{\"@id\":\"https:\/\/brodinbzh-boutique.fr\/index.php\/produit\/t-shirt-femme-in-kouig-namann\/#primaryimage\"},\"image\":{\"@id\":\"https:\/\/brodinbzh-boutique.fr\/index.php\/produit\/t-shirt-femme-in-kouig-namann\/#primaryimage\"},\"thumbnailUrl\":\"https:\/\/brodinbzh-boutique.fr\/wp-content\/uploads\/2024\/04\/Capture-decran-2024-04-29-161641.png\",\"datePublished\":\"2024-04-29T14:03:51+00:00\",\"dateModified\":\"2025-04-12T23:52:27+00:00\",\"breadcrumb\":{\"@id\":\"https:\/\/brodinbzh-boutique.fr\/index.php\/produit\/t-shirt-femme-in-kouig-namann\/#breadcrumb\"},\"inLanguage\":\"fr-FR\",\"potentialAction\":[{\"@type\":\"ReadAction\",\"target\":[\"https:\/\/brodinbzh-boutique.fr\/index.php\/produit\/t-shirt-femme-in-kouig-namann\/\"]}]},{\"@type\":\"ImageObject\",\"inLanguage\":\"fr-FR\",\"@id\":\"https:\/\/brodinbzh-boutique.fr\/index.php\/produit\/t-shirt-femme-in-kouig-namann\/#primaryimage\",\"url\":\"https:\/\/brodinbzh-boutique.fr\/wp-content\/uploads\/2024\/04\/Capture-decran-2024-04-29-161641.png\",\"contentUrl\":\"https:\/\/brodinbzh-boutique.fr\/wp-content\/uploads\/2024\/04\/Capture-decran-2024-04-29-161641.png\",\"width\":748,\"height\":887},{\"@type\":\"BreadcrumbList\",\"@id\":\"https:\/\/brodinbzh-boutique.fr\/index.php\/produit\/t-shirt-femme-in-kouig-namann\/#breadcrumb\",\"itemListElement\":[{\"@type\":\"ListItem\",\"position\":1,\"name\":\"Accueil\",\"item\":\"https:\/\/brodinbzh-boutique.fr\/\"},{\"@type\":\"ListItem\",\"position\":2,\"name\":\"Boutique\",\"item\":\"https:\/\/brodinbzh-boutique.fr\/index.php\/boutique\/\"},{\"@type\":\"ListItem\",\"position\":3,\"name\":\"T-shirt femme &#8220;In Kouig namann&#8221;\"}]},{\"@type\":\"WebSite\",\"@id\":\"https:\/\/brodinbzh-boutique.fr\/#website\",\"url\":\"https:\/\/brodinbzh-boutique.fr\/\",\"name\":\"Brod&#039;in BZH\",\"description\":\"La personnalisation \u00e0 la port\u00e9e de chacun\",\"publisher\":{\"@id\":\"https:\/\/brodinbzh-boutique.fr\/#organization\"},\"potentialAction\":[{\"@type\":\"SearchAction\",\"target\":{\"@type\":\"EntryPoint\",\"urlTemplate\":\"https:\/\/brodinbzh-boutique.fr\/?s={search_term_string}\"},\"query-input\":{\"@type\":\"PropertyValueSpecification\",\"valueRequired\":true,\"valueName\":\"search_term_string\"}}],\"inLanguage\":\"fr-FR\"},{\"@type\":\"Organization\",\"@id\":\"https:\/\/brodinbzh-boutique.fr\/#organization\",\"name\":\"Brod&#039;in BZH\",\"url\":\"https:\/\/brodinbzh-boutique.fr\/\",\"logo\":{\"@type\":\"ImageObject\",\"inLanguage\":\"fr-FR\",\"@id\":\"https:\/\/brodinbzh-boutique.fr\/#\/schema\/logo\/image\/\",\"url\":\"https:\/\/brodinbzh-boutique.fr\/wp-content\/uploads\/2020\/10\/cropped-bb-e1617185142758.png\",\"contentUrl\":\"https:\/\/brodinbzh-boutique.fr\/wp-content\/uploads\/2020\/10\/cropped-bb-e1617185142758.png\",\"width\":45,\"height\":45,\"caption\":\"Brod&#039;in BZH\"},\"image\":{\"@id\":\"https:\/\/brodinbzh-boutique.fr\/#\/schema\/logo\/image\/\"}}]}<\/script>\n<!-- \/ Yoast SEO plugin. -->","yoast_head_json":{"title":"T-shirt femme \"In Kouig namann\" - Brod&#039;in BZH","robots":{"index":"index","follow":"follow","max-snippet":"max-snippet:-1","max-image-preview":"max-image-preview:large","max-video-preview":"max-video-preview:-1"},"canonical":"https:\/\/brodinbzh-boutique.fr\/index.php\/produit\/t-shirt-femme-in-kouig-namann\/","og_locale":"fr_FR","og_type":"article","og_title":"T-shirt femme \"In Kouig namann\" - Brod&#039;in BZH","og_description":"T-shirt femme marquage \"In Kouig namann\"  IMPRIMEZ votre diff\u00e9rence  Notre t-shirt est compos\u00e9 de 100% coton biologique fil\u00e9 peign\u00e9. Il a un grammage de 140g\/m2, ce qui en fait un t-shirt de qualit\u00e9 qui vous suivra de longues ann\u00e9es. IL es \u00e0 porter l\u00e9g\u00e8rement rentr\u00e9 dans le pantalon pour une d\u00e9gaine parfaite !  Ce t-shirt sera produit \u00e0 la commande a votre atelier de Plum\u00e9liau  &nbsp;  &nbsp;  &nbsp;","og_url":"https:\/\/brodinbzh-boutique.fr\/index.php\/produit\/t-shirt-femme-in-kouig-namann\/","og_site_name":"Brod&#039;in BZH","article_modified_time":"2025-04-12T23:52:27+00:00","og_image":[{"width":748,"height":887,"url":"https:\/\/brodinbzh-boutique.fr\/wp-content\/uploads\/2024\/04\/Capture-decran-2024-04-29-161641.png","type":"image\/png"}],"twitter_card":"summary_large_image","twitter_misc":{"Dur\u00e9e de lecture estim\u00e9e":"1 minute"},"schema":{"@context":"https:\/\/schema.org","@graph":[{"@type":"WebPage","@id":"https:\/\/brodinbzh-boutique.fr\/index.php\/produit\/t-shirt-femme-in-kouig-namann\/","url":"https:\/\/brodinbzh-boutique.fr\/index.php\/produit\/t-shirt-femme-in-kouig-namann\/","name":"T-shirt femme \"In Kouig namann\" - Brod&#039;in BZH","isPartOf":{"@id":"https:\/\/brodinbzh-boutique.fr\/#website"},"primaryImageOfPage":{"@id":"https:\/\/brodinbzh-boutique.fr\/index.php\/produit\/t-shirt-femme-in-kouig-namann\/#primaryimage"},"image":{"@id":"https:\/\/brodinbzh-boutique.fr\/index.php\/produit\/t-shirt-femme-in-kouig-namann\/#primaryimage"},"thumbnailUrl":"https:\/\/brodinbzh-boutique.fr\/wp-content\/uploads\/2024\/04\/Capture-decran-2024-04-29-161641.png","datePublished":"2024-04-29T14:03:51+00:00","dateModified":"2025-04-12T23:52:27+00:00","breadcrumb":{"@id":"https:\/\/brodinbzh-boutique.fr\/index.php\/produit\/t-shirt-femme-in-kouig-namann\/#breadcrumb"},"inLanguage":"fr-FR","potentialAction":[{"@type":"ReadAction","target":["https:\/\/brodinbzh-boutique.fr\/index.php\/produit\/t-shirt-femme-in-kouig-namann\/"]}]},{"@type":"ImageObject","inLanguage":"fr-FR","@id":"https:\/\/brodinbzh-boutique.fr\/index.php\/produit\/t-shirt-femme-in-kouig-namann\/#primaryimage","url":"https:\/\/brodinbzh-boutique.fr\/wp-content\/uploads\/2024\/04\/Capture-decran-2024-04-29-161641.png","contentUrl":"https:\/\/brodinbzh-boutique.fr\/wp-content\/uploads\/2024\/04\/Capture-decran-2024-04-29-161641.png","width":748,"height":887},{"@type":"BreadcrumbList","@id":"https:\/\/brodinbzh-boutique.fr\/index.php\/produit\/t-shirt-femme-in-kouig-namann\/#breadcrumb","itemListElement":[{"@type":"ListItem","position":1,"name":"Accueil","item":"https:\/\/brodinbzh-boutique.fr\/"},{"@type":"ListItem","position":2,"name":"Boutique","item":"https:\/\/brodinbzh-boutique.fr\/index.php\/boutique\/"},{"@type":"ListItem","position":3,"name":"T-shirt femme &#8220;In Kouig namann&#8221;"}]},{"@type":"WebSite","@id":"https:\/\/brodinbzh-boutique.fr\/#website","url":"https:\/\/brodinbzh-boutique.fr\/","name":"Brod&#039;in BZH","description":"La personnalisation \u00e0 la port\u00e9e de chacun","publisher":{"@id":"https:\/\/brodinbzh-boutique.fr\/#organization"},"potentialAction":[{"@type":"SearchAction","target":{"@type":"EntryPoint","urlTemplate":"https:\/\/brodinbzh-boutique.fr\/?s={search_term_string}"},"query-input":{"@type":"PropertyValueSpecification","valueRequired":true,"valueName":"search_term_string"}}],"inLanguage":"fr-FR"},{"@type":"Organization","@id":"https:\/\/brodinbzh-boutique.fr\/#organization","name":"Brod&#039;in BZH","url":"https:\/\/brodinbzh-boutique.fr\/","logo":{"@type":"ImageObject","inLanguage":"fr-FR","@id":"https:\/\/brodinbzh-boutique.fr\/#\/schema\/logo\/image\/","url":"https:\/\/brodinbzh-boutique.fr\/wp-content\/uploads\/2020\/10\/cropped-bb-e1617185142758.png","contentUrl":"https:\/\/brodinbzh-boutique.fr\/wp-content\/uploads\/2020\/10\/cropped-bb-e1617185142758.png","width":45,"height":45,"caption":"Brod&#039;in BZH"},"image":{"@id":"https:\/\/brodinbzh-boutique.fr\/#\/schema\/logo\/image\/"}}]}},"jetpack_sharing_enabled":true,"_links":{"self":[{"href":"https:\/\/brodinbzh-boutique.fr\/index.php\/wp-json\/wp\/v2\/product\/2581","targetHints":{"allow":["GET"]}}],"collection":[{"href":"https:\/\/brodinbzh-boutique.fr\/index.php\/wp-json\/wp\/v2\/product"}],"about":[{"href":"https:\/\/brodinbzh-boutique.fr\/index.php\/wp-json\/wp\/v2\/types\/product"}],"replies":[{"embeddable":true,"href":"https:\/\/brodinbzh-boutique.fr\/index.php\/wp-json\/wp\/v2\/comments?post=2581"}],"version-history":[{"count":2,"href":"https:\/\/brodinbzh-boutique.fr\/index.php\/wp-json\/wp\/v2\/product\/2581\/revisions"}],"predecessor-version":[{"id":2586,"href":"https:\/\/brodinbzh-boutique.fr\/index.php\/wp-json\/wp\/v2\/product\/2581\/revisions\/2586"}],"wp:featuredmedia":[{"embeddable":true,"href":"https:\/\/brodinbzh-boutique.fr\/index.php\/wp-json\/wp\/v2\/media\/2588"}],"wp:attachment":[{"href":"https:\/\/brodinbzh-boutique.fr\/index.php\/wp-json\/wp\/v2\/media?parent=2581"}],"wp:term":[{"taxonomy":"product_brand","embeddable":true,"href":"https:\/\/brodinbzh-boutique.fr\/index.php\/wp-json\/wp\/v2\/product_brand?post=2581"},{"taxonomy":"product_cat","embeddable":true,"href":"https:\/\/brodinbzh-boutique.fr\/index.php\/wp-json\/wp\/v2\/product_cat?post=2581"},{"taxonomy":"product_tag","embeddable":true,"href":"https:\/\/brodinbzh-boutique.fr\/index.php\/wp-json\/wp\/v2\/product_tag?post=2581"}],"curies":[{"name":"wp","href":"https:\/\/api.w.org\/{rel}","templated":true}]}}